{"id":2939,"date":"2023-05-15T10:18:39","date_gmt":"2023-05-15T10:18:39","guid":{"rendered":"https:\/\/dalia.ro\/dalia-30\/"},"modified":"2023-07-17T07:23:32","modified_gmt":"2023-07-17T07:23:32","slug":"dalia-30","status":"publish","type":"page","link":"https:\/\/dalia.ro\/ro\/dalia-30\/","title":{"rendered":"D\u00e1lia 30"},"content":{"rendered":"<p>[vc_row el_class=&#8221;dalia30-toplogo&#8221;][vc_column offset=&#8221;vc_hidden-lg vc_hidden-md&#8221;][vc_single_image image=&#8221;2943&#8243; img_size=&#8221;full&#8221;][\/vc_column][vc_column offset=&#8221;vc_hidden-sm vc_hidden-xs&#8221;][vc_single_image image=&#8221;2941&#8243; img_size=&#8221;full&#8221; alignment=&#8221;center&#8221;][\/vc_column][\/vc_row][vc_section el_id=&#8221;dalia30-timeline&#8221;][vc_row equal_height=&#8221;yes&#8221; content_placement=&#8221;middle&#8221;][vc_column width=&#8221;1\/6&#8243;][vc_single_image image=&#8221;2892&#8243; img_size=&#8221;full&#8221; alignment=&#8221;center&#8221;][\/vc_column][vc_column width=&#8221;5\/6&#8243;][vc_column_text]<\/p>\n<h4>2023<\/h4>\n<p>\u00cemplinim 30 de ani \u0219i suntem plini de entuziasm. Lucr\u0103m zi de zi pe o suprafa\u021b\u0103 acoperit\u0103 \u0219i \u00eenc\u0103lzit\u0103 de aproape 30.000 m2, precum \u0219i pe o suprafa\u021b\u0103 exterioar\u0103 de 50.000 m2, cu contribu\u021bia a peste 80 de colegi. Sortimentul nostru variat \u0219i colorat de plante \u0219i flori este cunoscut \u00een toat\u0103 \u021bara.[\/vc_column_text][\/vc_column][\/vc_row][vc_row equal_height=&#8221;yes&#8221; content_placement=&#8221;middle&#8221;][vc_column width=&#8221;1\/6&#8243;][vc_single_image image=&#8221;2892&#8243; img_size=&#8221;full&#8221; alignment=&#8221;center&#8221;][\/vc_column][vc_column width=&#8221;5\/6&#8243;][vc_column_text]<\/p>\n<h4>2021<\/h4>\n<p>Livr\u0103m pentru prima dat\u0103 flori pentru decorarea pie\u021bei din fa\u021ba Camerei Deputa\u021bilor din Bucure\u0219ti, ceea ce ne umple pe to\u021bi de m\u00e2ndrie.[\/vc_column_text][\/vc_column][\/vc_row][vc_row equal_height=&#8221;yes&#8221; content_placement=&#8221;middle&#8221;][vc_column width=&#8221;1\/6&#8243;][vc_single_image image=&#8221;2892&#8243; img_size=&#8221;full&#8221; alignment=&#8221;center&#8221;][\/vc_column][vc_column width=&#8221;5\/6&#8243;][vc_column_text]<\/p>\n<h4>2020<\/h4>\n<p>\u021ainem pasul cu vremurile \u0219i realiz\u0103m o extindere major\u0103, aduc\u00e2nd tehnologie de ultim\u0103 or\u0103 \u00een centrul nostru de gr\u0103din\u0103rit.[\/vc_column_text][\/vc_column][\/vc_row][vc_row equal_height=&#8221;yes&#8221; content_placement=&#8221;middle&#8221;][vc_column width=&#8221;1\/6&#8243;][vc_single_image image=&#8221;2892&#8243; img_size=&#8221;full&#8221; alignment=&#8221;center&#8221;][\/vc_column][vc_column width=&#8221;5\/6&#8243;][vc_column_text]<\/p>\n<h4>2017<\/h4>\n<p>Construim prima noastr\u0103 camer\u0103 frigorific\u0103 \u0219i \u00eencepem era modern\u0103 a cultiv\u0103rii de zambile.[\/vc_column_text][\/vc_column][\/vc_row][vc_row equal_height=&#8221;yes&#8221; content_placement=&#8221;middle&#8221;][vc_column width=&#8221;1\/6&#8243;][vc_single_image image=&#8221;2892&#8243; img_size=&#8221;full&#8221; alignment=&#8221;center&#8221;][\/vc_column][vc_column width=&#8221;5\/6&#8243;][vc_column_text]<\/p>\n<h4>2015<\/h4>\n<p>Am\u00e1lia Rendi se al\u0103tur\u0103 echipei noastre, contribuind la dezvoltarea gr\u0103dinii noastre cu experien\u021ba sa dob\u00e2ndit\u0103 \u00een str\u0103in\u0103tate, viziunea sa proasp\u0103t\u0103 \u0219i devotamentul s\u0103u.[\/vc_column_text][\/vc_column][\/vc_row][vc_row equal_height=&#8221;yes&#8221; content_placement=&#8221;middle&#8221;][vc_column width=&#8221;1\/6&#8243;][vc_single_image image=&#8221;2892&#8243; img_size=&#8221;full&#8221; alignment=&#8221;center&#8221;][\/vc_column][vc_column width=&#8221;5\/6&#8243;][vc_column_text]<\/p>\n<h4>2011<\/h4>\n<p>Cump\u0103r\u0103m pentru prima dat\u0103 buta\u0219i f\u0103r\u0103 r\u0103d\u0103cini, \u00eencep\u00e2nd procesul nostru de \u00eenr\u0103d\u0103cinare la scar\u0103 larg\u0103.[\/vc_column_text][\/vc_column][\/vc_row][vc_row equal_height=&#8221;yes&#8221; content_placement=&#8221;middle&#8221;][vc_column width=&#8221;1\/6&#8243;][vc_single_image image=&#8221;2892&#8243; img_size=&#8221;full&#8221; alignment=&#8221;center&#8221;][\/vc_column][vc_column width=&#8221;5\/6&#8243;][vc_column_text]<\/p>\n<h4>2008<\/h4>\n<p>\u00cemplinim 15 ani \u0219i s\u0103rb\u0103torim prin construirea sediului nostru actual, care devine din ce \u00een ce mai mare \u0219i mai complex \u00een fiecare an.[\/vc_column_text][\/vc_column][\/vc_row][vc_row equal_height=&#8221;yes&#8221; content_placement=&#8221;middle&#8221;][vc_column width=&#8221;1\/6&#8243;][vc_single_image image=&#8221;2892&#8243; img_size=&#8221;full&#8221; alignment=&#8221;center&#8221;][\/vc_column][vc_column width=&#8221;5\/6&#8243;][vc_column_text]<\/p>\n<h4>2006<\/h4>\n<p>Semn\u0103m pentru prima dat\u0103 un contract cu un lan\u021b de supermarketuri, florile Dalia devenind disponibile la nivel na\u021bional.[\/vc_column_text][\/vc_column][\/vc_row][vc_row equal_height=&#8221;yes&#8221; content_placement=&#8221;middle&#8221;][vc_column width=&#8221;1\/6&#8243;][vc_single_image image=&#8221;2892&#8243; img_size=&#8221;full&#8221; alignment=&#8221;center&#8221;][\/vc_column][vc_column width=&#8221;5\/6&#8243;][vc_column_text]<\/p>\n<h4>2004<\/h4>\n<p>Construim prima noastr\u0103 ser\u0103 modern\u0103, produs\u0103 \u00een str\u0103in\u0103tate, care deschide un nou capitol pentru centrul nostru de gr\u0103din\u0103rit.[\/vc_column_text][\/vc_column][\/vc_row][vc_row equal_height=&#8221;yes&#8221; content_placement=&#8221;middle&#8221;][vc_column width=&#8221;1\/6&#8243;][vc_single_image image=&#8221;2892&#8243; img_size=&#8221;full&#8221; alignment=&#8221;center&#8221;][\/vc_column][vc_column width=&#8221;5\/6&#8243;][vc_column_text]<\/p>\n<h4>2003<\/h4>\n<p>La un deceniu de la \u00eenfiin\u021barea companiei, semn\u0103m primul nostru contract important: compania care administreaz\u0103 spa\u021biile verzi din Bra\u0219ov ne \u00eencredin\u021beaz\u0103 cultivarea de flori perene.[\/vc_column_text][\/vc_column][\/vc_row][vc_row equal_height=&#8221;yes&#8221; content_placement=&#8221;middle&#8221;][vc_column width=&#8221;1\/6&#8243;][vc_single_image image=&#8221;2892&#8243; img_size=&#8221;full&#8221; alignment=&#8221;center&#8221;][\/vc_column][vc_column width=&#8221;5\/6&#8243;][vc_column_text]<\/p>\n<h4>2002<\/h4>\n<p>Ne \u00eendr\u0103gostim de floarea cr\u0103ciunului, \u0219i \u00eencepem s\u0103 o cultiv\u0103m cu mare succes. \u021ain\u00e2nd cont de posibilit\u0103\u021bile noastre tehnologice din acea vreme, proiectul este considerat un mare succes profesional.[\/vc_column_text][\/vc_column][\/vc_row][vc_row equal_height=&#8221;yes&#8221; content_placement=&#8221;middle&#8221;][vc_column width=&#8221;1\/6&#8243;][vc_single_image image=&#8221;2892&#8243; img_size=&#8221;full&#8221; alignment=&#8221;center&#8221;][\/vc_column][vc_column width=&#8221;5\/6&#8243;][vc_column_text]<\/p>\n<h4>1997<\/h4>\n<p>Se deschide flor\u0103ria Dalia din Sf\u00e2ntu Gheorghe.[\/vc_column_text][\/vc_column][\/vc_row][vc_row equal_height=&#8221;yes&#8221; content_placement=&#8221;middle&#8221;][vc_column width=&#8221;1\/6&#8243;][vc_single_image image=&#8221;2892&#8243; img_size=&#8221;full&#8221; alignment=&#8221;center&#8221;][\/vc_column][vc_column width=&#8221;5\/6&#8243;][vc_column_text]<\/p>\n<h4>1993<\/h4>\n<p>Anul \u00eenfiin\u021b\u0103rii companiei \u0219i al speran\u021bei \u00eenfloritoare. Din acest moment \u00eencepem s\u0103 scriem \u00eempreun\u0103 povestea Dalia.[\/vc_column_text][\/vc_column][\/vc_row][vc_row equal_height=&#8221;yes&#8221; content_placement=&#8221;middle&#8221;][vc_column width=&#8221;1\/6&#8243;][vc_single_image image=&#8221;2892&#8243; img_size=&#8221;full&#8221; alignment=&#8221;center&#8221;][\/vc_column][vc_column width=&#8221;5\/6&#8243;][vc_column_text]<\/p>\n<h4>1991<\/h4>\n<p>Ferencz Rendi realizeaz\u0103 prima sa ser\u0103, proiectat\u0103 \u0219i construit\u0103 de el \u00eensu\u0219i.[\/vc_column_text][\/vc_column][\/vc_row][vc_row equal_height=&#8221;yes&#8221; content_placement=&#8221;middle&#8221;][vc_column width=&#8221;1\/6&#8243;][vc_single_image image=&#8221;2892&#8243; img_size=&#8221;full&#8221; alignment=&#8221;center&#8221;][\/vc_column][vc_column width=&#8221;5\/6&#8243;][vc_column_text]<\/p>\n<h4>1990<\/h4>\n<p>Cultivarea florilor se mut\u0103 la Valea Cri\u0219ului, pe o suprafa\u021b\u0103 de 10000 m2.[\/vc_column_text][\/vc_column][\/vc_row][vc_row equal_height=&#8221;yes&#8221; content_placement=&#8221;middle&#8221;][vc_column width=&#8221;1\/6&#8243;][vc_single_image image=&#8221;2892&#8243; img_size=&#8221;full&#8221; alignment=&#8221;center&#8221;][\/vc_column][vc_column width=&#8221;5\/6&#8243;][vc_column_text]<\/p>\n<h4>1987<\/h4>\n<p>Ambi\u021biile cresc \u0219i produc\u021bia se mut\u0103 la Sf\u00e2ntu Gheorghe, pe o suprafa\u021b\u0103 de 700 m2.[\/vc_column_text][\/vc_column][\/vc_row][vc_row equal_height=&#8221;yes&#8221; content_placement=&#8221;middle&#8221;][vc_column width=&#8221;1\/6&#8243;][vc_single_image image=&#8221;2892&#8243; img_size=&#8221;full&#8221; alignment=&#8221;center&#8221;][\/vc_column][vc_column width=&#8221;5\/6&#8243;][vc_column_text]<\/p>\n<h4>1982<\/h4>\n<p>\u00centr-o frumoas\u0103 zi de prim\u0103var\u0103, Ferencz Rendi \u00eencepe cultivarea daliei t\u0103iate \u00een gr\u0103dina p\u0103rin\u021bilor s\u0103i de 200 m2.[\/vc_column_text][\/vc_column][\/vc_row][\/vc_section][vc_section el_class=&#8221;row-tree-bottom&#8221;][\/vc_section]<\/p>\n","protected":false},"excerpt":{"rendered":"<p>[vc_row el_class=&#8221;dalia30-toplogo&#8221;][vc_column offset=&#8221;vc_hidden-lg vc_hidden-md&#8221;][vc_single_image image=&#8221;2943&#8243; img_size=&#8221;full&#8221;][\/vc_column][vc_column offset=&#8221;vc_hidden-sm vc_hidden-xs&#8221;][vc_single_image image=&#8221;2941&#8243; img_size=&#8221;full&#8221; alignment=&#8221;center&#8221;][\/vc_column][\/vc_row][vc_section el_id=&#8221;dalia30-timeline&#8221;][vc_row equal_height=&#8221;yes&#8221; content_placement=&#8221;middle&#8221;][vc_column width=&#8221;1\/6&#8243;][vc_single_image image=&#8221;2892&#8243; img_size=&#8221;full&#8221; alignment=&#8221;center&#8221;][\/vc_column][vc_column width=&#8221;5\/6&#8243;][vc_column_text] 2023 \u00cemplinim 30 de ani \u0219i suntem plini de entuziasm. Lucr\u0103m zi de zi pe o suprafa\u021b\u0103 acoperit\u0103 \u0219i \u00eenc\u0103lzit\u0103 de aproape 30.000 m2, precum \u0219i pe o suprafa\u021b\u0103 exterioar\u0103 de 50.000 m2, cu contribu\u021bia a&hellip;<\/p>\n","protected":false},"author":1,"featured_media":0,"parent":0,"menu_order":0,"comment_status":"closed","ping_status":"closed","template":"","meta":{"footnotes":""},"class_list":["post-2939","page","type-page","status-publish","hentry","description-off"],"acf":[],"yoast_head":"<!-- This site is optimized with the Yoast SEO plugin v19.10 - https:\/\/yoast.com\/wordpress\/plugins\/seo\/ -->\n<title>D\u00e1lia 30 - D\u00e1lia<\/title>\n<meta name=\"robots\" content=\"index, follow, max-snippet:-1, max-image-preview:large, max-video-preview:-1\" \/>\n<link rel=\"canonical\" href=\"https:\/\/dalia.ro\/ro\/dalia-30\/\" \/>\n<meta property=\"og:locale\" content=\"ro_RO\" \/>\n<meta property=\"og:type\" content=\"article\" \/>\n<meta property=\"og:title\" content=\"D\u00e1lia 30\" \/>\n<meta property=\"og:description\" content=\"\u00cemplinim 30 de ani \u0219i suntem plini de entuziasm. Sortimentul nostru variat \u0219i colorat de plante \u0219i flori este cunoscut \u00een toat\u0103 \u021bara.\" \/>\n<meta property=\"og:url\" content=\"https:\/\/dalia.ro\/ro\/dalia-30\/\" \/>\n<meta property=\"og:site_name\" content=\"D\u00e1lia\" \/>\n<meta property=\"article:publisher\" content=\"https:\/\/www.facebook.com\/daliaprod\" \/>\n<meta property=\"article:modified_time\" content=\"2023-07-17T07:23:32+00:00\" \/>\n<meta property=\"og:image\" content=\"https:\/\/dalia.ro\/wp-content\/uploads\/2023\/07\/linkprew-dalia30.jpg\" \/>\n\t<meta property=\"og:image:width\" content=\"1200\" \/>\n\t<meta property=\"og:image:height\" content=\"630\" \/>\n\t<meta property=\"og:image:type\" content=\"image\/jpeg\" \/>\n<meta name=\"twitter:card\" content=\"summary_large_image\" \/>\n<meta name=\"twitter:title\" content=\"D\u00e1lia 30\" \/>\n<meta name=\"twitter:description\" content=\"\u00cemplinim 30 de ani \u0219i suntem plini de entuziasm. Sortimentul nostru variat \u0219i colorat de plante \u0219i flori este cunoscut \u00een toat\u0103 \u021bara.\" \/>\n<meta name=\"twitter:image\" content=\"https:\/\/dalia.ro\/wp-content\/uploads\/2023\/07\/linkprew-dalia30.jpg\" \/>\n<meta name=\"twitter:label1\" content=\"Timp estimat pentru citire\" \/>\n\t<meta name=\"twitter:data1\" content=\"5 minute\" \/>\n<script type=\"application\/ld+json\" class=\"yoast-schema-graph\">{\"@context\":\"https:\/\/schema.org\",\"@graph\":[{\"@type\":\"WebPage\",\"@id\":\"https:\/\/dalia.ro\/ro\/dalia-30\/\",\"url\":\"https:\/\/dalia.ro\/ro\/dalia-30\/\",\"name\":\"D\u00e1lia 30 - D\u00e1lia\",\"isPartOf\":{\"@id\":\"https:\/\/dalia.ro\/#website\"},\"datePublished\":\"2023-05-15T10:18:39+00:00\",\"dateModified\":\"2023-07-17T07:23:32+00:00\",\"breadcrumb\":{\"@id\":\"https:\/\/dalia.ro\/ro\/dalia-30\/#breadcrumb\"},\"inLanguage\":\"ro-RO\",\"potentialAction\":[{\"@type\":\"ReadAction\",\"target\":[\"https:\/\/dalia.ro\/ro\/dalia-30\/\"]}]},{\"@type\":\"BreadcrumbList\",\"@id\":\"https:\/\/dalia.ro\/ro\/dalia-30\/#breadcrumb\",\"itemListElement\":[{\"@type\":\"ListItem\",\"position\":1,\"name\":\"Home\",\"item\":\"https:\/\/dalia.ro\/ro\/\"},{\"@type\":\"ListItem\",\"position\":2,\"name\":\"D\u00e1lia 30\"}]},{\"@type\":\"WebSite\",\"@id\":\"https:\/\/dalia.ro\/#website\",\"url\":\"https:\/\/dalia.ro\/\",\"name\":\"D\u00e1lia\",\"description\":\"Flori pentru suflet\",\"publisher\":{\"@id\":\"https:\/\/dalia.ro\/#organization\"},\"potentialAction\":[{\"@type\":\"SearchAction\",\"target\":{\"@type\":\"EntryPoint\",\"urlTemplate\":\"https:\/\/dalia.ro\/?s={search_term_string}\"},\"query-input\":\"required name=search_term_string\"}],\"inLanguage\":\"ro-RO\"},{\"@type\":\"Organization\",\"@id\":\"https:\/\/dalia.ro\/#organization\",\"name\":\"D\u00e1lia\",\"url\":\"https:\/\/dalia.ro\/\",\"logo\":{\"@type\":\"ImageObject\",\"inLanguage\":\"ro-RO\",\"@id\":\"https:\/\/dalia.ro\/#\/schema\/logo\/image\/\",\"url\":\"https:\/\/dalia.ro\/wp-content\/uploads\/2022\/04\/dalia-logo-160.png\",\"contentUrl\":\"https:\/\/dalia.ro\/wp-content\/uploads\/2022\/04\/dalia-logo-160.png\",\"width\":191,\"height\":160,\"caption\":\"D\u00e1lia\"},\"image\":{\"@id\":\"https:\/\/dalia.ro\/#\/schema\/logo\/image\/\"},\"sameAs\":[\"https:\/\/www.instagram.com\/dalia_dreamgarden\",\"https:\/\/www.facebook.com\/daliaprod\"]}]}<\/script>\n<!-- \/ Yoast SEO plugin. -->","yoast_head_json":{"title":"D\u00e1lia 30 - D\u00e1lia","robots":{"index":"index","follow":"follow","max-snippet":"max-snippet:-1","max-image-preview":"max-image-preview:large","max-video-preview":"max-video-preview:-1"},"canonical":"https:\/\/dalia.ro\/ro\/dalia-30\/","og_locale":"ro_RO","og_type":"article","og_title":"D\u00e1lia 30","og_description":"\u00cemplinim 30 de ani \u0219i suntem plini de entuziasm. Sortimentul nostru variat \u0219i colorat de plante \u0219i flori este cunoscut \u00een toat\u0103 \u021bara.","og_url":"https:\/\/dalia.ro\/ro\/dalia-30\/","og_site_name":"D\u00e1lia","article_publisher":"https:\/\/www.facebook.com\/daliaprod","article_modified_time":"2023-07-17T07:23:32+00:00","og_image":[{"width":1200,"height":630,"url":"https:\/\/dalia.ro\/wp-content\/uploads\/2023\/07\/linkprew-dalia30.jpg","type":"image\/jpeg"}],"twitter_card":"summary_large_image","twitter_title":"D\u00e1lia 30","twitter_description":"\u00cemplinim 30 de ani \u0219i suntem plini de entuziasm. Sortimentul nostru variat \u0219i colorat de plante \u0219i flori este cunoscut \u00een toat\u0103 \u021bara.","twitter_image":"https:\/\/dalia.ro\/wp-content\/uploads\/2023\/07\/linkprew-dalia30.jpg","twitter_misc":{"Timp estimat pentru citire":"5 minute"},"schema":{"@context":"https:\/\/schema.org","@graph":[{"@type":"WebPage","@id":"https:\/\/dalia.ro\/ro\/dalia-30\/","url":"https:\/\/dalia.ro\/ro\/dalia-30\/","name":"D\u00e1lia 30 - D\u00e1lia","isPartOf":{"@id":"https:\/\/dalia.ro\/#website"},"datePublished":"2023-05-15T10:18:39+00:00","dateModified":"2023-07-17T07:23:32+00:00","breadcrumb":{"@id":"https:\/\/dalia.ro\/ro\/dalia-30\/#breadcrumb"},"inLanguage":"ro-RO","potentialAction":[{"@type":"ReadAction","target":["https:\/\/dalia.ro\/ro\/dalia-30\/"]}]},{"@type":"BreadcrumbList","@id":"https:\/\/dalia.ro\/ro\/dalia-30\/#breadcrumb","itemListElement":[{"@type":"ListItem","position":1,"name":"Home","item":"https:\/\/dalia.ro\/ro\/"},{"@type":"ListItem","position":2,"name":"D\u00e1lia 30"}]},{"@type":"WebSite","@id":"https:\/\/dalia.ro\/#website","url":"https:\/\/dalia.ro\/","name":"D\u00e1lia","description":"Flori pentru suflet","publisher":{"@id":"https:\/\/dalia.ro\/#organization"},"potentialAction":[{"@type":"SearchAction","target":{"@type":"EntryPoint","urlTemplate":"https:\/\/dalia.ro\/?s={search_term_string}"},"query-input":"required name=search_term_string"}],"inLanguage":"ro-RO"},{"@type":"Organization","@id":"https:\/\/dalia.ro\/#organization","name":"D\u00e1lia","url":"https:\/\/dalia.ro\/","logo":{"@type":"ImageObject","inLanguage":"ro-RO","@id":"https:\/\/dalia.ro\/#\/schema\/logo\/image\/","url":"https:\/\/dalia.ro\/wp-content\/uploads\/2022\/04\/dalia-logo-160.png","contentUrl":"https:\/\/dalia.ro\/wp-content\/uploads\/2022\/04\/dalia-logo-160.png","width":191,"height":160,"caption":"D\u00e1lia"},"image":{"@id":"https:\/\/dalia.ro\/#\/schema\/logo\/image\/"},"sameAs":["https:\/\/www.instagram.com\/dalia_dreamgarden","https:\/\/www.facebook.com\/daliaprod"]}]}},"_links":{"self":[{"href":"https:\/\/dalia.ro\/ro\/wp-json\/wp\/v2\/pages\/2939","targetHints":{"allow":["GET"]}}],"collection":[{"href":"https:\/\/dalia.ro\/ro\/wp-json\/wp\/v2\/pages"}],"about":[{"href":"https:\/\/dalia.ro\/ro\/wp-json\/wp\/v2\/types\/page"}],"author":[{"embeddable":true,"href":"https:\/\/dalia.ro\/ro\/wp-json\/wp\/v2\/users\/1"}],"replies":[{"embeddable":true,"href":"https:\/\/dalia.ro\/ro\/wp-json\/wp\/v2\/comments?post=2939"}],"version-history":[{"count":5,"href":"https:\/\/dalia.ro\/ro\/wp-json\/wp\/v2\/pages\/2939\/revisions"}],"predecessor-version":[{"id":2948,"href":"https:\/\/dalia.ro\/ro\/wp-json\/wp\/v2\/pages\/2939\/revisions\/2948"}],"wp:attachment":[{"href":"https:\/\/dalia.ro\/ro\/wp-json\/wp\/v2\/media?parent=2939"}],"curies":[{"name":"wp","href":"https:\/\/api.w.org\/{rel}","templated":true}]}}