{"id":2750,"date":"2023-05-03T06:02:05","date_gmt":"2023-05-03T06:02:05","guid":{"rendered":"https:\/\/dalia.ro\/szarba-szokkent-csodak-fotopalyazat-szabalyzat\/"},"modified":"2023-05-17T09:26:40","modified_gmt":"2023-05-17T09:26:40","slug":"regulamentul-concurs-foto","status":"publish","type":"page","link":"https:\/\/dalia.ro\/ro\/regulamentul-concurs-foto\/","title":{"rendered":"Regulamentul concursului foto \u201cMinuni \u00eenmugurite\u201d organizat de centrul de gr\u0103din\u0103rit Dalia"},"content":{"rendered":"<p>[vc_row][vc_column][vc_custom_heading text=&#8221;Regulamentul concursului foto \u201cMinuni \u00eenmugurite\u201d organizat de centrul de gr\u0103din\u0103rit Dalia&#8221; font_container=&#8221;tag:h1|text_align:left&#8221; use_theme_fonts=&#8221;yes&#8221; el_class=&#8221;underline&#8221;][vc_column_text]<i>Organizator:<\/i><\/p>\n<p>Concursul de fotografie <b>\u201cMinuni \u00eenmugurite\u201d<\/b> este organizat de centrul de gr\u0103din\u0103rit Dalia Prod Com (reprezentat de <b>Am\u00e1lia Rendi<\/b>, denumit\u0103 \u00een continuare &#8222;<b>Organizator<\/b>&#8222;).<\/p>\n<p>&nbsp;<\/p>\n<p><i>Descrierea concursului:<\/i><\/p>\n<p>Organizatorul realizeaz\u0103 o campanie cuprinz\u0103toare, cu scop educativ \u0219i de sensibilizare pentru a ar\u0103ta diversitatea florei s\u0103lbatice din regiunea Trei Scaune.<\/p>\n<p>\u00cen cadrul campaniei, Organizatorul anun\u021b\u0103 un concurs foto pentru fotografi amatori interesa\u021bi de protec\u021bia mediului \u0219i de flora local\u0103. Se a\u0219teapt\u0103 fotografii cu plante \u0219i flori indigene realizate \u00een urm\u0103toarele zone geografice desemnate:<\/p>\n<ul>\n<li aria-level=\"1\">Mestec\u0103ni\u0219ul de la Reci<\/li>\n<li aria-level=\"1\">Tinovul Ap\u0103 Ro\u0219ie<\/li>\n<li aria-level=\"1\">Tinovul Apa Lin\u0103<\/li>\n<li aria-level=\"1\">Tinovul &#8222;Buffog\u00f3&#8221;<\/li>\n<li aria-level=\"1\">Dealul Cioca\u0219 &#8211; Dealul Vi\u021belului<\/li>\n<li aria-level=\"1\">Gr\u0103dina de Narcise din Filia<\/li>\n<li aria-level=\"1\">Rezerva\u021bia Botanic\u0103 din C\u00e2mpul Benedek<\/li>\n<\/ul>\n<p>Lucr\u0103rile vor fi evaluate de un juriu format din trei membri: <b>Szilam\u00e9r Husz\u00e1r<\/b> \u0219i <b>Attila L\u00e1szl\u00f3 Kov\u00e1cs<\/b>, fotografi, cu recomanda\u021bia Asocia\u021biei Mondiale a Arti\u0219tilor Fotografi Maghiari, \u0219i <b>Zsolt-\u00c1goston K\u00f6ll\u0151<\/b>, profesor de biologie.<\/p>\n<p>&nbsp;<\/p>\n<p><i>Concursul de foto:<\/i><\/p>\n<p>Durata concursului:<strong> 15 mai &#8211; 15 iunie 2023.<\/strong><\/p>\n<p>Perioada de evaluare a lucr\u0103rilor \u0219i de votare online: <strong>1-6 iulie 2023<\/strong>.<\/p>\n<p>Anun\u021barea rezultatelor: <strong>7 iulie 2023<\/strong>.<\/p>\n<p>Participarea la concurs constituie acceptarea automat\u0103 a termenilor \u0219i condi\u021biilor din prezentul regulament.<\/p>\n<p>Rudele imediate ale Organizatorului sunt excluse din Concurs.<\/p>\n<p>&nbsp;<\/p>\n<p><i>Criterii de participare:<\/i><\/p>\n<ul>\n<li aria-level=\"1\">participarea este gratuit\u0103;<\/li>\n<li aria-level=\"1\">concursul este deschis doar fotografilor amatori, adic\u0103 neprofesioni\u0219ti;<\/li>\n<li aria-level=\"1\">accept\u0103m max. 5 fotografii realizate de candidat;<\/li>\n<li aria-level=\"1\">fotografiile trebuie trimise prin e-mail la adresa foto@dalia.ro p\u00e2n\u0103 cel t\u00e2rziu la data de 30 iunie 2023;<\/li>\n<li aria-level=\"1\">v\u0103 rug\u0103m s\u0103 include\u021bi: numele participantului, adresa de e-mail, titlul fotografiei, locul unde a fost f\u0103cut\u0103 fotografia;<\/li>\n<li aria-level=\"1\">candidatul accept\u0103 urm\u0103toarea declara\u021bie \u00een momentul particip\u0103rii la concurs:<\/li>\n<\/ul>\n<p><i>Fotografiile mele trimise la concursul foto al centrului de gr\u0103din\u0103rit Dalia pot fi folosite gratuit de c\u0103tre Organizator pe site-ul s\u0103u de web, pe pagina de Facebook \u0219i pentru alte materiale promo\u021bionale \u0219i documentare, f\u0103r\u0103 limitare de timp, cu indicarea numelui meu. Men\u021bionez c\u0103 am citit, acceptat \u0219i sunt de acord cu politica de confiden\u021bialitate a concursului foto.<\/i><\/p>\n<p>&nbsp;<\/p>\n<p><i>Cerin\u021be privind fotografiile:<\/i><\/p>\n<ul>\n<li aria-level=\"1\">dimensiune: min. 500 kbytes, max. 5 megabytes;<\/li>\n<li aria-level=\"1\">fotografii nu pot include text\/legend\u0103;<\/li>\n<li aria-level=\"1\">fotografiile nu pot include persoane.<\/li>\n<\/ul>\n<p>&nbsp;<\/p>\n<p><i>Evaluarea fotografiilor:<\/i><\/p>\n<p>Organizatorul va acorda premii pentru un total de trei fotografii.<\/p>\n<p>Organizatorul nu are nicio obliga\u021bie de a verifica originea imaginilor \u0219i exclude orice responsabilitate pentru orice \u00eenc\u0103lcare a drepturilor de autor de c\u0103tre candidat.<\/p>\n<p>&nbsp;<\/p>\n<p><i>Premiul:<\/i><\/p>\n<p>Juriul acord\u0103 premii pentru un total de trei fotografii din cele primite:<\/p>\n<ul>\n<li aria-level=\"1\">Premiul I: 500 lei<\/li>\n<li aria-level=\"1\">Premiul al II-lea: 300 de lei<\/li>\n<li aria-level=\"1\">Premiul al III-lea: 200 de lei<\/li>\n<\/ul>\n<p>De asemenea, se va acorda \u0219i un premiu al publicului &#8211; un voucher \u00een valoare de 300 de lei &#8211; stabilit prin vot online. To\u021bi c\u00e2\u0219tig\u0103torii vor primi, de asemenea, un aranjament floral oferit de Dalia.<\/p>\n<p>&nbsp;<\/p>\n<p><i>Notificarea c\u00e2\u0219tig\u0103torilor, ridicarea premiilor:<\/i><\/p>\n<p>Organizatorul va notifica c\u00e2\u0219tig\u0103torii concursului prin e-mail p\u00e2n\u0103 cel t\u00e2rziu la data de 10 iulie. Numele \u0219i fotografiile c\u00e2\u0219tig\u0103torilor vor fi publicate pe platformele de socializare ale Organizatorului.<\/p>\n<p>Premiile vor putea fi ridicate de la centrul de gr\u0103din\u0103rit Dalia.<\/p>\n<p>&nbsp;<\/p>\n<p><i>Gestionarea datelor:<\/i><\/p>\n<p>Organizatorul \u0219i angaja\u021bii s\u0103i sunt operatorii de date \u00een prelucrarea datelor referitoare la candidat. Operatorul de date va prelucra datele cu caracter personal furnizate \u00een Cererea de \u00eenscriere numai \u00een scopurile stabilite \u00een prezentul Regulament.<\/p>\n<p>Scopurile prelucr\u0103rii sunt: desf\u0103\u0219urarea Concursului, livrarea premiilor.<\/p>\n<p>Temeiul juridic al prelucr\u0103rii: consim\u021b\u0103m\u00e2ntul voluntar, specific, informat \u0219i f\u0103r\u0103 ambiguitate al participan\u021bilor.<\/p>\n<p>Date cu caracter personal prelucrate: numele, adresa de e-mail.<\/p>\n<p>Durata prelucr\u0103rii: datele cu caracter personal vor fi \u0219terse \u00een termen de 15 zile de la \u00eencheierea Concursului.<\/p>\n<p>Prin participarea la Concurs, candidatul recunoa\u0219te \u0219i accept\u0103 c\u0103 \u00een\u021belege scopul prelucr\u0103rii datelor cu caracter personal \u00een cadrul concursului.<\/p>\n<p>Participantul trebuie s\u0103 se informeze cu privire la prevederile Regulamentului \u00eenainte de a participa la Concurs, iar Organizatorii nu vor fi responsabili pentru nicio consecin\u021b\u0103 a nerespect\u0103rii acestui lucru.<\/p>\n<p>&nbsp;<\/p>\n<p><i>Pentru informa\u021bii suplimentare privind concursul, v\u0103 rug\u0103m s\u0103 contacta\u021bi la adresa <\/i><a href=\"mailto:foto@dalia.ro\"><i>foto@dalia.ro<\/i><\/a><i>.<\/i><\/p>\n<p>&nbsp;<\/p>\n<p>Sf\u00e2ntu Gheorghe, 1 mai 2023.<\/p>\n<p>Am\u00e1lia Rendi[\/vc_column_text][\/vc_column][\/vc_row]<\/p>\n","protected":false},"excerpt":{"rendered":"<p>[vc_row][vc_column][vc_custom_heading text=&#8221;Regulamentul concursului foto \u201cMinuni \u00eenmugurite\u201d organizat de centrul de gr\u0103din\u0103rit Dalia&#8221; font_container=&#8221;tag:h1|text_align:left&#8221; use_theme_fonts=&#8221;yes&#8221; el_class=&#8221;underline&#8221;][vc_column_text]Organizator: Concursul de fotografie \u201cMinuni \u00eenmugurite\u201d este organizat de centrul de gr\u0103din\u0103rit Dalia Prod Com (reprezentat de Am\u00e1lia Rendi, denumit\u0103 \u00een continuare &#8222;Organizator&#8222;). &nbsp; Descrierea concursului: Organizatorul realizeaz\u0103 o campanie cuprinz\u0103toare, cu scop educativ \u0219i de sensibilizare pentru a ar\u0103ta diversitatea&hellip;<\/p>\n","protected":false},"author":1,"featured_media":0,"parent":0,"menu_order":0,"comment_status":"closed","ping_status":"closed","template":"","meta":{"footnotes":""},"class_list":["post-2750","page","type-page","status-publish","hentry","description-off"],"acf":[],"yoast_head":"<!-- This site is optimized with the Yoast SEO plugin v19.10 - https:\/\/yoast.com\/wordpress\/plugins\/seo\/ -->\n<title>Regulamentul concursului foto \u201cMinuni \u00eenmugurite\u201d organizat de centrul de gr\u0103din\u0103rit Dalia - D\u00e1lia<\/title>\n<meta name=\"robots\" content=\"index, follow, max-snippet:-1, max-image-preview:large, max-video-preview:-1\" \/>\n<link rel=\"canonical\" href=\"https:\/\/dalia.ro\/ro\/regulamentul-concurs-foto\/\" \/>\n<meta property=\"og:locale\" content=\"ro_RO\" \/>\n<meta property=\"og:type\" content=\"article\" \/>\n<meta property=\"og:title\" content=\"Regulamentul concursului foto \u201cMinuni \u00eenmugurite\u201d organizat de centrul de gr\u0103din\u0103rit Dalia - D\u00e1lia\" \/>\n<meta property=\"og:description\" content=\"[vc_row][vc_column][vc_custom_heading text=&#8221;Regulamentul concursului foto \u201cMinuni \u00eenmugurite\u201d organizat de centrul de gr\u0103din\u0103rit Dalia&#8221; font_container=&#8221;tag:h1|text_align:left&#8221; use_theme_fonts=&#8221;yes&#8221; el_class=&#8221;underline&#8221;][vc_column_text]Organizator: Concursul de fotografie \u201cMinuni \u00eenmugurite\u201d este organizat de centrul de gr\u0103din\u0103rit Dalia Prod Com (reprezentat de Am\u00e1lia Rendi, denumit\u0103 \u00een continuare &#8222;Organizator&#8222;). &nbsp; Descrierea concursului: Organizatorul realizeaz\u0103 o campanie cuprinz\u0103toare, cu scop educativ \u0219i de sensibilizare pentru a ar\u0103ta diversitatea&hellip;\" \/>\n<meta property=\"og:url\" content=\"https:\/\/dalia.ro\/ro\/regulamentul-concurs-foto\/\" \/>\n<meta property=\"og:site_name\" content=\"D\u00e1lia\" \/>\n<meta property=\"article:publisher\" content=\"https:\/\/www.facebook.com\/daliaprod\" \/>\n<meta property=\"article:modified_time\" content=\"2023-05-17T09:26:40+00:00\" \/>\n<meta property=\"og:image\" content=\"https:\/\/dalia.ro\/wp-content\/uploads\/2022\/11\/social-prew-1.jpg\" \/>\n\t<meta property=\"og:image:width\" content=\"1000\" \/>\n\t<meta property=\"og:image:height\" content=\"667\" \/>\n\t<meta property=\"og:image:type\" content=\"image\/jpeg\" \/>\n<meta name=\"twitter:card\" content=\"summary_large_image\" \/>\n<meta name=\"twitter:label1\" content=\"Timp estimat pentru citire\" \/>\n\t<meta name=\"twitter:data1\" content=\"4 minute\" \/>\n<script type=\"application\/ld+json\" class=\"yoast-schema-graph\">{\"@context\":\"https:\/\/schema.org\",\"@graph\":[{\"@type\":\"WebPage\",\"@id\":\"https:\/\/dalia.ro\/ro\/regulamentul-concurs-foto\/\",\"url\":\"https:\/\/dalia.ro\/ro\/regulamentul-concurs-foto\/\",\"name\":\"Regulamentul concursului foto \u201cMinuni \u00eenmugurite\u201d organizat de centrul de gr\u0103din\u0103rit Dalia - D\u00e1lia\",\"isPartOf\":{\"@id\":\"https:\/\/dalia.ro\/#website\"},\"datePublished\":\"2023-05-03T06:02:05+00:00\",\"dateModified\":\"2023-05-17T09:26:40+00:00\",\"breadcrumb\":{\"@id\":\"https:\/\/dalia.ro\/ro\/regulamentul-concurs-foto\/#breadcrumb\"},\"inLanguage\":\"ro-RO\",\"potentialAction\":[{\"@type\":\"ReadAction\",\"target\":[\"https:\/\/dalia.ro\/ro\/regulamentul-concurs-foto\/\"]}]},{\"@type\":\"BreadcrumbList\",\"@id\":\"https:\/\/dalia.ro\/ro\/regulamentul-concurs-foto\/#breadcrumb\",\"itemListElement\":[{\"@type\":\"ListItem\",\"position\":1,\"name\":\"Home\",\"item\":\"https:\/\/dalia.ro\/ro\/\"},{\"@type\":\"ListItem\",\"position\":2,\"name\":\"Regulamentul concursului foto \u201cMinuni \u00eenmugurite\u201d organizat de centrul de gr\u0103din\u0103rit Dalia\"}]},{\"@type\":\"WebSite\",\"@id\":\"https:\/\/dalia.ro\/#website\",\"url\":\"https:\/\/dalia.ro\/\",\"name\":\"D\u00e1lia\",\"description\":\"Flori pentru suflet\",\"publisher\":{\"@id\":\"https:\/\/dalia.ro\/#organization\"},\"potentialAction\":[{\"@type\":\"SearchAction\",\"target\":{\"@type\":\"EntryPoint\",\"urlTemplate\":\"https:\/\/dalia.ro\/?s={search_term_string}\"},\"query-input\":\"required name=search_term_string\"}],\"inLanguage\":\"ro-RO\"},{\"@type\":\"Organization\",\"@id\":\"https:\/\/dalia.ro\/#organization\",\"name\":\"D\u00e1lia\",\"url\":\"https:\/\/dalia.ro\/\",\"logo\":{\"@type\":\"ImageObject\",\"inLanguage\":\"ro-RO\",\"@id\":\"https:\/\/dalia.ro\/#\/schema\/logo\/image\/\",\"url\":\"https:\/\/dalia.ro\/wp-content\/uploads\/2022\/04\/dalia-logo-160.png\",\"contentUrl\":\"https:\/\/dalia.ro\/wp-content\/uploads\/2022\/04\/dalia-logo-160.png\",\"width\":191,\"height\":160,\"caption\":\"D\u00e1lia\"},\"image\":{\"@id\":\"https:\/\/dalia.ro\/#\/schema\/logo\/image\/\"},\"sameAs\":[\"https:\/\/www.instagram.com\/dalia_dreamgarden\",\"https:\/\/www.facebook.com\/daliaprod\"]}]}<\/script>\n<!-- \/ Yoast SEO plugin. -->","yoast_head_json":{"title":"Regulamentul concursului foto \u201cMinuni \u00eenmugurite\u201d organizat de centrul de gr\u0103din\u0103rit Dalia - D\u00e1lia","robots":{"index":"index","follow":"follow","max-snippet":"max-snippet:-1","max-image-preview":"max-image-preview:large","max-video-preview":"max-video-preview:-1"},"canonical":"https:\/\/dalia.ro\/ro\/regulamentul-concurs-foto\/","og_locale":"ro_RO","og_type":"article","og_title":"Regulamentul concursului foto \u201cMinuni \u00eenmugurite\u201d organizat de centrul de gr\u0103din\u0103rit Dalia - D\u00e1lia","og_description":"[vc_row][vc_column][vc_custom_heading text=&#8221;Regulamentul concursului foto \u201cMinuni \u00eenmugurite\u201d organizat de centrul de gr\u0103din\u0103rit Dalia&#8221; font_container=&#8221;tag:h1|text_align:left&#8221; use_theme_fonts=&#8221;yes&#8221; el_class=&#8221;underline&#8221;][vc_column_text]Organizator: Concursul de fotografie \u201cMinuni \u00eenmugurite\u201d este organizat de centrul de gr\u0103din\u0103rit Dalia Prod Com (reprezentat de Am\u00e1lia Rendi, denumit\u0103 \u00een continuare &#8222;Organizator&#8222;). &nbsp; Descrierea concursului: Organizatorul realizeaz\u0103 o campanie cuprinz\u0103toare, cu scop educativ \u0219i de sensibilizare pentru a ar\u0103ta diversitatea&hellip;","og_url":"https:\/\/dalia.ro\/ro\/regulamentul-concurs-foto\/","og_site_name":"D\u00e1lia","article_publisher":"https:\/\/www.facebook.com\/daliaprod","article_modified_time":"2023-05-17T09:26:40+00:00","og_image":[{"width":1000,"height":667,"url":"https:\/\/dalia.ro\/wp-content\/uploads\/2022\/11\/social-prew-1.jpg","type":"image\/jpeg"}],"twitter_card":"summary_large_image","twitter_misc":{"Timp estimat pentru citire":"4 minute"},"schema":{"@context":"https:\/\/schema.org","@graph":[{"@type":"WebPage","@id":"https:\/\/dalia.ro\/ro\/regulamentul-concurs-foto\/","url":"https:\/\/dalia.ro\/ro\/regulamentul-concurs-foto\/","name":"Regulamentul concursului foto \u201cMinuni \u00eenmugurite\u201d organizat de centrul de gr\u0103din\u0103rit Dalia - D\u00e1lia","isPartOf":{"@id":"https:\/\/dalia.ro\/#website"},"datePublished":"2023-05-03T06:02:05+00:00","dateModified":"2023-05-17T09:26:40+00:00","breadcrumb":{"@id":"https:\/\/dalia.ro\/ro\/regulamentul-concurs-foto\/#breadcrumb"},"inLanguage":"ro-RO","potentialAction":[{"@type":"ReadAction","target":["https:\/\/dalia.ro\/ro\/regulamentul-concurs-foto\/"]}]},{"@type":"BreadcrumbList","@id":"https:\/\/dalia.ro\/ro\/regulamentul-concurs-foto\/#breadcrumb","itemListElement":[{"@type":"ListItem","position":1,"name":"Home","item":"https:\/\/dalia.ro\/ro\/"},{"@type":"ListItem","position":2,"name":"Regulamentul concursului foto \u201cMinuni \u00eenmugurite\u201d organizat de centrul de gr\u0103din\u0103rit Dalia"}]},{"@type":"WebSite","@id":"https:\/\/dalia.ro\/#website","url":"https:\/\/dalia.ro\/","name":"D\u00e1lia","description":"Flori pentru suflet","publisher":{"@id":"https:\/\/dalia.ro\/#organization"},"potentialAction":[{"@type":"SearchAction","target":{"@type":"EntryPoint","urlTemplate":"https:\/\/dalia.ro\/?s={search_term_string}"},"query-input":"required name=search_term_string"}],"inLanguage":"ro-RO"},{"@type":"Organization","@id":"https:\/\/dalia.ro\/#organization","name":"D\u00e1lia","url":"https:\/\/dalia.ro\/","logo":{"@type":"ImageObject","inLanguage":"ro-RO","@id":"https:\/\/dalia.ro\/#\/schema\/logo\/image\/","url":"https:\/\/dalia.ro\/wp-content\/uploads\/2022\/04\/dalia-logo-160.png","contentUrl":"https:\/\/dalia.ro\/wp-content\/uploads\/2022\/04\/dalia-logo-160.png","width":191,"height":160,"caption":"D\u00e1lia"},"image":{"@id":"https:\/\/dalia.ro\/#\/schema\/logo\/image\/"},"sameAs":["https:\/\/www.instagram.com\/dalia_dreamgarden","https:\/\/www.facebook.com\/daliaprod"]}]}},"_links":{"self":[{"href":"https:\/\/dalia.ro\/ro\/wp-json\/wp\/v2\/pages\/2750","targetHints":{"allow":["GET"]}}],"collection":[{"href":"https:\/\/dalia.ro\/ro\/wp-json\/wp\/v2\/pages"}],"about":[{"href":"https:\/\/dalia.ro\/ro\/wp-json\/wp\/v2\/types\/page"}],"author":[{"embeddable":true,"href":"https:\/\/dalia.ro\/ro\/wp-json\/wp\/v2\/users\/1"}],"replies":[{"embeddable":true,"href":"https:\/\/dalia.ro\/ro\/wp-json\/wp\/v2\/comments?post=2750"}],"version-history":[{"count":7,"href":"https:\/\/dalia.ro\/ro\/wp-json\/wp\/v2\/pages\/2750\/revisions"}],"predecessor-version":[{"id":2968,"href":"https:\/\/dalia.ro\/ro\/wp-json\/wp\/v2\/pages\/2750\/revisions\/2968"}],"wp:attachment":[{"href":"https:\/\/dalia.ro\/ro\/wp-json\/wp\/v2\/media?parent=2750"}],"curies":[{"name":"wp","href":"https:\/\/api.w.org\/{rel}","templated":true}]}}