{"id":2663,"date":"2022-10-19T16:30:45","date_gmt":"2022-10-19T16:30:45","guid":{"rendered":"https:\/\/dalia.creative-solutions.ro\/tamogatjuk-oket\/"},"modified":"2023-01-13T13:02:11","modified_gmt":"2023-01-13T13:02:11","slug":"le-sustinem","status":"publish","type":"page","link":"https:\/\/dalia.ro\/ro\/le-sustinem\/","title":{"rendered":"Le sus\u021binem"},"content":{"rendered":"<p>[vc_section full_width=&#8221;stretch_row&#8221; el_class=&#8221;home-about-row&#8221;][vc_row equal_height=&#8221;yes&#8221; content_placement=&#8221;middle&#8221;][vc_column][vc_custom_heading text=&#8221;Le sus\u021binem!&#8221; font_container=&#8221;tag:h1|text_align:left&#8221; use_theme_fonts=&#8221;yes&#8221; el_class=&#8221;underline&#8221;][vc_column_text]<\/p>\n<p style=\"text-align: justify;\">Credem \u00een momentele frumoase petrecute \u00eempreun\u0103 \u0219i \u00een puterea comunit\u0103\u021bii; a\u0219adar, cu resursele noastre, sprijinim evenimente, organiza\u021bii \u0219i \u00eentreprinderi care reflect\u0103 valorile centrului de gr\u0103din\u0103rit Dalia.<\/p>\n<p style=\"text-align: justify;\">\u00cen ultimi ani, am sus\u021binut \u0219i sus\u021binem:<\/p>\n<p>[\/vc_column_text][\/vc_column][\/vc_row][vc_row][vc_column width=&#8221;1\/4&#8243;][vc_hoverbox image=&#8221;2618&#8243; primary_title=&#8221;&#8221; hover_title=&#8221;&#8221; el_class=&#8221;rotate-left&#8221;]Misiunea noastr\u0103 este s\u0103 sprijinim mi\u0219carea tradi\u021bional\u0103 de muzic\u0103 popular\u0103 \u0219i dans popular, iar centrul de gr\u0103din\u0103rit Dalia ofer\u0103 asisten\u021b\u0103 financiar\u0103 \u00een aceast\u0103 misiune.[\/vc_hoverbox][\/vc_column][vc_column width=&#8221;1\/4&#8243;][vc_hoverbox image=&#8221;2614&#8243; primary_title=&#8221;&#8221; hover_title=&#8221;&#8221; el_class=&#8221;rotate-left&#8221;]Am folosit sprijinul material pentru a organiza o tab\u0103r\u0103 de construire a comunit\u0103\u021bii axat\u0103 pe ateliere.[\/vc_hoverbox][\/vc_column][vc_column width=&#8221;1\/4&#8243;][vc_hoverbox image=&#8221;2630&#8243; primary_title=&#8221;&#8221; hover_title=&#8221;&#8221; el_class=&#8221;rotate-left&#8221;]Dalia ne-a sus\u021binut ansamblul cu decora\u021biuni \u0219i flori, iar taberele noastre de antrenament cu asisten\u021b\u0103 financiar\u0103.[\/vc_hoverbox][\/vc_column][vc_column width=&#8221;1\/4&#8243;][vc_hoverbox image=&#8221;2616&#8243; primary_title=&#8221;&#8221; hover_title=&#8221;&#8221; el_class=&#8221;rotate-left&#8221;]Folosim sprijinul pentru func\u021bionarea asocia\u021biei \u0219i pentru a organiza \u00cent\u00e2lnirea Muzicienilor Tradi\u021bionali din Transilvania care num\u0103r\u0103 peste 100 de muzicieni participan\u021bi.[\/vc_hoverbox][\/vc_column][\/vc_row][vc_row][vc_column][vc_empty_space][\/vc_column][\/vc_row][vc_row][vc_column width=&#8221;1\/4&#8243;][vc_hoverbox image=&#8221;2608&#8243; primary_title=&#8221;&#8221; hover_title=&#8221;&#8221; el_class=&#8221;rotate-left&#8221;]Pe 2 august 2022, am transferat c\u0103tre Csaba Istv\u00e1n Kelemen suma primit\u0103 de la sponsori. Am sigilat acest act cu un contract de sponsorizare care include bolile diagnosticate ale p\u0103r\u021bii sponsorizate.[\/vc_hoverbox][\/vc_column][vc_column width=&#8221;1\/4&#8243;][vc_hoverbox image=&#8221;2620&#8243; primary_title=&#8221;&#8221; hover_title=&#8221;&#8221; el_class=&#8221;rotate-left&#8221;]Sprijinul acordat Asocia\u021biei de Tineret IKA din Cernat sub form\u0103 de flori a fost folosit \u00een curtea bibliotecii satului, pentru care mul\u021bumim \u0219i flor\u0103riei Dalia.[\/vc_hoverbox][\/vc_column][vc_column width=&#8221;1\/4&#8243;][vc_hoverbox image=&#8221;2622&#8243; primary_title=&#8221;&#8221; hover_title=&#8221;&#8221; el_class=&#8221;rotate-left&#8221;]Am acoperit costurile cu m\u00e2ncarea pentru echipa de organizare a Festivalului Castelului (20-25 de persoane), precum \u0219i cadourile invita\u021bilor.[\/vc_hoverbox][\/vc_column][vc_column width=&#8221;1\/4&#8243;][vc_hoverbox image=&#8221;2624&#8243; primary_title=&#8221;&#8221; hover_title=&#8221;&#8221; el_class=&#8221;rotate-left&#8221;]Sprijinul a fost folosit la decorarea evenimentelor \u0219i pentru premii.[\/vc_hoverbox][\/vc_column][\/vc_row][vc_row][vc_column][vc_empty_space][\/vc_column][\/vc_row][vc_row][vc_column width=&#8221;1\/4&#8243;][vc_hoverbox image=&#8221;2626&#8243; primary_title=&#8221;&#8221; hover_title=&#8221;&#8221; el_class=&#8221;rotate-left&#8221;]Am acoperit o parte din excursia pentru congrega\u021bie, un eveniment de o la care au participat 50 de persoane.[\/vc_hoverbox][\/vc_column][vc_column width=&#8221;1\/4&#8243;][vc_hoverbox image=&#8221;2628&#8243; primary_title=&#8221;&#8221; hover_title=&#8221;&#8221; el_class=&#8221;rotate-left&#8221;]Sprijinul a fost folosit pentru organizarea zilelor satului.[\/vc_hoverbox][\/vc_column][vc_column width=&#8221;1\/4&#8243;][vc_hoverbox image=&#8221;2611&#8243; primary_title=&#8221;&#8221; hover_title=&#8221;&#8221; el_class=&#8221;rotate-left&#8221;]Sprijinul a fost cheltuit pentru suplimentarea valorii cupelor zilei sportive (250 buc).[\/vc_hoverbox][\/vc_column][vc_column width=&#8221;1\/4&#8243;][vc_hoverbox image=&#8221;2652&#8243; primary_title=&#8221;&#8221; hover_title=&#8221;&#8221; el_class=&#8221;rotate-left&#8221;]Am acoperit costurile campingului pentru confirmanzi.[\/vc_hoverbox][\/vc_column][\/vc_row][vc_row][vc_column][vc_empty_space][\/vc_column][\/vc_row][vc_row][vc_column width=&#8221;1\/4&#8243;][vc_hoverbox image=&#8221;2658&#8243; primary_title=&#8221;&#8221; hover_title=&#8221;&#8221; el_class=&#8221;rotate-left&#8221;]Am folosit sprijinul pentru a organiza primul turneu de anduran\u021b\u0103 H\u00e1romsz\u00e9k 100.[\/vc_hoverbox][\/vc_column][vc_column width=&#8221;1\/4&#8243;][\/vc_column][vc_column width=&#8221;1\/4&#8243;][\/vc_column][vc_column width=&#8221;1\/4&#8243;][\/vc_column][\/vc_row][\/vc_section]<\/p>\n","protected":false},"excerpt":{"rendered":"<p>[vc_section full_width=&#8221;stretch_row&#8221; el_class=&#8221;home-about-row&#8221;][vc_row equal_height=&#8221;yes&#8221; content_placement=&#8221;middle&#8221;][vc_column][vc_custom_heading text=&#8221;Le sus\u021binem!&#8221; font_container=&#8221;tag:h1|text_align:left&#8221; use_theme_fonts=&#8221;yes&#8221; el_class=&#8221;underline&#8221;][vc_column_text] Credem \u00een momentele frumoase petrecute \u00eempreun\u0103 \u0219i \u00een puterea comunit\u0103\u021bii; a\u0219adar, cu resursele noastre, sprijinim evenimente, organiza\u021bii \u0219i \u00eentreprinderi care reflect\u0103 valorile centrului de gr\u0103din\u0103rit Dalia. \u00cen ultimi ani, am sus\u021binut \u0219i sus\u021binem: [\/vc_column_text][\/vc_column][\/vc_row][vc_row][vc_column width=&#8221;1\/4&#8243;][vc_hoverbox image=&#8221;2618&#8243; primary_title=&#8221;&#8221; hover_title=&#8221;&#8221; el_class=&#8221;rotate-left&#8221;]Misiunea noastr\u0103 este s\u0103 sprijinim mi\u0219carea tradi\u021bional\u0103&hellip;<\/p>\n","protected":false},"author":1,"featured_media":0,"parent":0,"menu_order":0,"comment_status":"closed","ping_status":"closed","template":"","meta":{"footnotes":""},"class_list":["post-2663","page","type-page","status-publish","hentry","description-off"],"acf":[],"yoast_head":"<!-- This site is optimized with the Yoast SEO plugin v19.10 - https:\/\/yoast.com\/wordpress\/plugins\/seo\/ -->\n<title>Le sus\u021binem - D\u00e1lia<\/title>\n<meta name=\"description\" content=\"Credem \u00een momentele frumoase petrecute \u00eempreun\u0103 \u0219i \u00een puterea comunit\u0103\u021bii; a\u0219adar, cu resursele noastre, sprijinim evenimente, organiza\u021bii \u0219i \u00eentreprinderi care reflect\u0103 valorile centrului de gr\u0103din\u0103rit Dalia.\" \/>\n<meta name=\"robots\" content=\"index, follow, max-snippet:-1, max-image-preview:large, max-video-preview:-1\" \/>\n<link rel=\"canonical\" href=\"https:\/\/dalia.ro\/ro\/le-sustinem\/\" \/>\n<meta property=\"og:locale\" content=\"ro_RO\" \/>\n<meta property=\"og:type\" content=\"article\" \/>\n<meta property=\"og:title\" content=\"Le sus\u021binem!\" \/>\n<meta property=\"og:description\" content=\"Credem \u00een momentele frumoase petrecute \u00eempreun\u0103 \u0219i \u00een puterea comunit\u0103\u021bii; a\u0219adar, cu resursele noastre, sprijinim evenimente, organiza\u021bii \u0219i \u00eentreprinderi care reflect\u0103 valorile centrului de gr\u0103din\u0103rit Dalia.\" \/>\n<meta property=\"og:url\" content=\"https:\/\/dalia.ro\/ro\/le-sustinem\/\" \/>\n<meta property=\"og:site_name\" content=\"D\u00e1lia\" \/>\n<meta property=\"article:publisher\" content=\"https:\/\/www.facebook.com\/daliaprod\" \/>\n<meta property=\"article:modified_time\" content=\"2023-01-13T13:02:11+00:00\" \/>\n<meta property=\"og:image\" content=\"https:\/\/dalia.ro\/wp-content\/uploads\/2023\/01\/we-support.jpg\" \/>\n\t<meta property=\"og:image:width\" content=\"1200\" \/>\n\t<meta property=\"og:image:height\" content=\"800\" \/>\n\t<meta property=\"og:image:type\" content=\"image\/jpeg\" \/>\n<meta name=\"twitter:card\" content=\"summary_large_image\" \/>\n<meta name=\"twitter:label1\" content=\"Timp estimat pentru citire\" \/>\n\t<meta name=\"twitter:data1\" content=\"2 minute\" \/>\n<script type=\"application\/ld+json\" class=\"yoast-schema-graph\">{\"@context\":\"https:\/\/schema.org\",\"@graph\":[{\"@type\":\"WebPage\",\"@id\":\"https:\/\/dalia.ro\/ro\/le-sustinem\/\",\"url\":\"https:\/\/dalia.ro\/ro\/le-sustinem\/\",\"name\":\"Le sus\u021binem - D\u00e1lia\",\"isPartOf\":{\"@id\":\"https:\/\/dalia.ro\/#website\"},\"datePublished\":\"2022-10-19T16:30:45+00:00\",\"dateModified\":\"2023-01-13T13:02:11+00:00\",\"description\":\"Credem \u00een momentele frumoase petrecute \u00eempreun\u0103 \u0219i \u00een puterea comunit\u0103\u021bii; a\u0219adar, cu resursele noastre, sprijinim evenimente, organiza\u021bii \u0219i \u00eentreprinderi care reflect\u0103 valorile centrului de gr\u0103din\u0103rit Dalia.\",\"breadcrumb\":{\"@id\":\"https:\/\/dalia.ro\/ro\/le-sustinem\/#breadcrumb\"},\"inLanguage\":\"ro-RO\",\"potentialAction\":[{\"@type\":\"ReadAction\",\"target\":[\"https:\/\/dalia.ro\/ro\/le-sustinem\/\"]}]},{\"@type\":\"BreadcrumbList\",\"@id\":\"https:\/\/dalia.ro\/ro\/le-sustinem\/#breadcrumb\",\"itemListElement\":[{\"@type\":\"ListItem\",\"position\":1,\"name\":\"Home\",\"item\":\"https:\/\/dalia.ro\/ro\/\"},{\"@type\":\"ListItem\",\"position\":2,\"name\":\"Le sus\u021binem\"}]},{\"@type\":\"WebSite\",\"@id\":\"https:\/\/dalia.ro\/#website\",\"url\":\"https:\/\/dalia.ro\/\",\"name\":\"D\u00e1lia\",\"description\":\"Flori pentru suflet\",\"publisher\":{\"@id\":\"https:\/\/dalia.ro\/#organization\"},\"potentialAction\":[{\"@type\":\"SearchAction\",\"target\":{\"@type\":\"EntryPoint\",\"urlTemplate\":\"https:\/\/dalia.ro\/?s={search_term_string}\"},\"query-input\":\"required name=search_term_string\"}],\"inLanguage\":\"ro-RO\"},{\"@type\":\"Organization\",\"@id\":\"https:\/\/dalia.ro\/#organization\",\"name\":\"D\u00e1lia\",\"url\":\"https:\/\/dalia.ro\/\",\"logo\":{\"@type\":\"ImageObject\",\"inLanguage\":\"ro-RO\",\"@id\":\"https:\/\/dalia.ro\/#\/schema\/logo\/image\/\",\"url\":\"https:\/\/dalia.ro\/wp-content\/uploads\/2022\/04\/dalia-logo-160.png\",\"contentUrl\":\"https:\/\/dalia.ro\/wp-content\/uploads\/2022\/04\/dalia-logo-160.png\",\"width\":191,\"height\":160,\"caption\":\"D\u00e1lia\"},\"image\":{\"@id\":\"https:\/\/dalia.ro\/#\/schema\/logo\/image\/\"},\"sameAs\":[\"https:\/\/www.instagram.com\/dalia_dreamgarden\",\"https:\/\/www.facebook.com\/daliaprod\"]}]}<\/script>\n<!-- \/ Yoast SEO plugin. -->","yoast_head_json":{"title":"Le sus\u021binem - D\u00e1lia","description":"Credem \u00een momentele frumoase petrecute \u00eempreun\u0103 \u0219i \u00een puterea comunit\u0103\u021bii; a\u0219adar, cu resursele noastre, sprijinim evenimente, organiza\u021bii \u0219i \u00eentreprinderi care reflect\u0103 valorile centrului de gr\u0103din\u0103rit Dalia.","robots":{"index":"index","follow":"follow","max-snippet":"max-snippet:-1","max-image-preview":"max-image-preview:large","max-video-preview":"max-video-preview:-1"},"canonical":"https:\/\/dalia.ro\/ro\/le-sustinem\/","og_locale":"ro_RO","og_type":"article","og_title":"Le sus\u021binem!","og_description":"Credem \u00een momentele frumoase petrecute \u00eempreun\u0103 \u0219i \u00een puterea comunit\u0103\u021bii; a\u0219adar, cu resursele noastre, sprijinim evenimente, organiza\u021bii \u0219i \u00eentreprinderi care reflect\u0103 valorile centrului de gr\u0103din\u0103rit Dalia.","og_url":"https:\/\/dalia.ro\/ro\/le-sustinem\/","og_site_name":"D\u00e1lia","article_publisher":"https:\/\/www.facebook.com\/daliaprod","article_modified_time":"2023-01-13T13:02:11+00:00","og_image":[{"width":1200,"height":800,"url":"https:\/\/dalia.ro\/wp-content\/uploads\/2023\/01\/we-support.jpg","type":"image\/jpeg"}],"twitter_card":"summary_large_image","twitter_misc":{"Timp estimat pentru citire":"2 minute"},"schema":{"@context":"https:\/\/schema.org","@graph":[{"@type":"WebPage","@id":"https:\/\/dalia.ro\/ro\/le-sustinem\/","url":"https:\/\/dalia.ro\/ro\/le-sustinem\/","name":"Le sus\u021binem - D\u00e1lia","isPartOf":{"@id":"https:\/\/dalia.ro\/#website"},"datePublished":"2022-10-19T16:30:45+00:00","dateModified":"2023-01-13T13:02:11+00:00","description":"Credem \u00een momentele frumoase petrecute \u00eempreun\u0103 \u0219i \u00een puterea comunit\u0103\u021bii; a\u0219adar, cu resursele noastre, sprijinim evenimente, organiza\u021bii \u0219i \u00eentreprinderi care reflect\u0103 valorile centrului de gr\u0103din\u0103rit Dalia.","breadcrumb":{"@id":"https:\/\/dalia.ro\/ro\/le-sustinem\/#breadcrumb"},"inLanguage":"ro-RO","potentialAction":[{"@type":"ReadAction","target":["https:\/\/dalia.ro\/ro\/le-sustinem\/"]}]},{"@type":"BreadcrumbList","@id":"https:\/\/dalia.ro\/ro\/le-sustinem\/#breadcrumb","itemListElement":[{"@type":"ListItem","position":1,"name":"Home","item":"https:\/\/dalia.ro\/ro\/"},{"@type":"ListItem","position":2,"name":"Le sus\u021binem"}]},{"@type":"WebSite","@id":"https:\/\/dalia.ro\/#website","url":"https:\/\/dalia.ro\/","name":"D\u00e1lia","description":"Flori pentru suflet","publisher":{"@id":"https:\/\/dalia.ro\/#organization"},"potentialAction":[{"@type":"SearchAction","target":{"@type":"EntryPoint","urlTemplate":"https:\/\/dalia.ro\/?s={search_term_string}"},"query-input":"required name=search_term_string"}],"inLanguage":"ro-RO"},{"@type":"Organization","@id":"https:\/\/dalia.ro\/#organization","name":"D\u00e1lia","url":"https:\/\/dalia.ro\/","logo":{"@type":"ImageObject","inLanguage":"ro-RO","@id":"https:\/\/dalia.ro\/#\/schema\/logo\/image\/","url":"https:\/\/dalia.ro\/wp-content\/uploads\/2022\/04\/dalia-logo-160.png","contentUrl":"https:\/\/dalia.ro\/wp-content\/uploads\/2022\/04\/dalia-logo-160.png","width":191,"height":160,"caption":"D\u00e1lia"},"image":{"@id":"https:\/\/dalia.ro\/#\/schema\/logo\/image\/"},"sameAs":["https:\/\/www.instagram.com\/dalia_dreamgarden","https:\/\/www.facebook.com\/daliaprod"]}]}},"_links":{"self":[{"href":"https:\/\/dalia.ro\/ro\/wp-json\/wp\/v2\/pages\/2663","targetHints":{"allow":["GET"]}}],"collection":[{"href":"https:\/\/dalia.ro\/ro\/wp-json\/wp\/v2\/pages"}],"about":[{"href":"https:\/\/dalia.ro\/ro\/wp-json\/wp\/v2\/types\/page"}],"author":[{"embeddable":true,"href":"https:\/\/dalia.ro\/ro\/wp-json\/wp\/v2\/users\/1"}],"replies":[{"embeddable":true,"href":"https:\/\/dalia.ro\/ro\/wp-json\/wp\/v2\/comments?post=2663"}],"version-history":[{"count":2,"href":"https:\/\/dalia.ro\/ro\/wp-json\/wp\/v2\/pages\/2663\/revisions"}],"predecessor-version":[{"id":2665,"href":"https:\/\/dalia.ro\/ro\/wp-json\/wp\/v2\/pages\/2663\/revisions\/2665"}],"wp:attachment":[{"href":"https:\/\/dalia.ro\/ro\/wp-json\/wp\/v2\/media?parent=2663"}],"curies":[{"name":"wp","href":"https:\/\/api.w.org\/{rel}","templated":true}]}}