{"id":1321,"date":"2022-05-30T08:54:38","date_gmt":"2022-05-30T08:54:38","guid":{"rendered":"https:\/\/dalia.creative-solutions.ro\/dalia-kerteszet\/"},"modified":"2023-11-29T13:07:12","modified_gmt":"2023-11-29T13:07:12","slug":"centrul-de-gradinarit-dalia","status":"publish","type":"page","link":"https:\/\/dalia.ro\/ro\/centrul-de-gradinarit-dalia\/","title":{"rendered":"Centrul de gr\u0103din\u0103rit D\u00e1lia"},"content":{"rendered":"<p>[vc_section full_width=&#8221;stretch_row&#8221; el_class=&#8221;home-about-row&#8221;][vc_row equal_height=&#8221;yes&#8221; content_placement=&#8221;middle&#8221;][vc_column][vc_custom_heading text=&#8221;Centrul de gr\u0103din\u0103rit D\u00e1lia&#8221; font_container=&#8221;tag:h1|text_align:left&#8221; use_theme_fonts=&#8221;yes&#8221; el_class=&#8221;underline&#8221;][vc_column_text]<\/p>\n<p style=\"text-align: justify;\">Centrul de gr\u0103din\u0103rit Dalia s-a n\u0103scut din dragoste pentru flori \u0219i plante. Fondatorul nostru, Ferencz Rendi, a \u00eenceput s\u0103 cultive flori \u00een anii &#8217;80 \u00een Aita Medie \u0219i apoi \u00een Valea Cri\u0219ului. Pasiunea sa s-a transformat repede \u00eentr-o afacere. V\u0103z\u00e2nd florile ca un accesoriu indispensabil pentru via\u021ba plin\u0103 de evenimente a oamenilor, Rendi a fondat centrul de gr\u0103din\u0103rit Dalia \u00een 1993. De atunci, Dalia se \u00eenflore\u0219te l\u00e2ng\u0103 Sf\u00e2ntu Gheorghe. \u00cen prezent, cre\u0219tem peste 3 milioane de plante anual pe 2,5 hectare de suprafe\u021be acoperite \u0219i \u00eenc\u0103lzite, \u0219i pe 5 hectare de teren deschis. Compania noastr\u0103 prosper\u0103 ast\u0103zi datorit\u0103 muncii atente a optzeci de colegi dedica\u021bi.<\/p>\n<p>[\/vc_column_text][\/vc_column][\/vc_row][vc_row gap=&#8221;35&#8243; equal_height=&#8221;yes&#8221; content_placement=&#8221;middle&#8221; el_class=&#8221;row-gray row-promo-datetime&#8221;][vc_column width=&#8221;1\/2&#8243;][vc_custom_heading text=&#8221;Misiunea noastr\u0103&#8221; font_container=&#8221;tag:h3|text_align:center&#8221; use_theme_fonts=&#8221;yes&#8221;][vc_column_text]<\/p>\n<p style=\"text-align: center;\">S\u0103 contribuim la crearea unui mediu estetic \u0219i la \u00eembun\u0103t\u0103\u021birea calit\u0103\u021bii vie\u021bii popula\u021biei din Rom\u00e2nia cu ajutorul unor flori frumoase.<\/p>\n<p>[\/vc_column_text][\/vc_column][vc_column width=&#8221;1\/2&#8243;][vc_custom_heading text=&#8221;Obiectivul nostru&#8221; font_container=&#8221;tag:h3|text_align:center&#8221; use_theme_fonts=&#8221;yes&#8221;][vc_column_text]<\/p>\n<p style=\"text-align: center;\">S\u0103 contribuim la succesul partenerilor no\u0219tri retaileri prin furnizarea de flori care sunt u\u0219or de v\u00e2ndut, \u00een stare bun\u0103 \u0219i cu un nivel de marj\u0103 adecvat.<\/p>\n<p>[\/vc_column_text][\/vc_column][\/vc_row][vc_row][vc_column][vc_column_text]<\/p>\n<figure class=\"wp-block-video\"><video src=\"https:\/\/dalia.ro\/wp-content\/uploads\/2022\/06\/dalia.mp4\" muted=\"\" controls=\"controls\" width=\"1920\" height=\"auto\"><\/video><\/figure>\n<p>[\/vc_column_text][\/vc_column][\/vc_row][vc_row][vc_column][\/vc_column][\/vc_row][\/vc_section][vc_section][vc_row full_width=&#8221;stretch_row_content_no_spaces&#8221; el_class=&#8221;homebgsection rightbg&#8221;][vc_column][\/vc_column][\/vc_row][vc_row][vc_column el_class=&#8221;greenboxtitleblock left&#8221;][vc_custom_heading text=&#8221;Gr\u0103dinarii din spatele centrului de gr\u0103din\u0103rit D\u00e1lia&#8221; font_container=&#8221;tag:h2|text_align:center&#8221; use_theme_fonts=&#8221;yes&#8221; css_animation=&#8221;none&#8221;][\/vc_column][\/vc_row][vc_row equal_height=&#8221;yes&#8221; content_placement=&#8221;middle&#8221;][vc_column]<style type=\"text\/css\" data-type=\"the7_shortcodes-inline-css\">.gallery-carousel-shortcode.gallery-carousel-shortcode-id-4d3701d121ac1547004f58ab6453382e .owl-nav a {\n  width: 36px;\n  height: 36px;\n  border-radius: 500px;\n}\n.dt-arrow-border-on.gallery-carousel-shortcode.gallery-carousel-shortcode-id-4d3701d121ac1547004f58ab6453382e .owl-nav a:not(:hover):before {\n  border-width: 0px;\n}\n.dt-arrow-hover-border-on.gallery-carousel-shortcode.gallery-carousel-shortcode-id-4d3701d121ac1547004f58ab6453382e .owl-nav a:hover:after {\n  border-width: 0px;\n}\n.gallery-carousel-shortcode.gallery-carousel-shortcode-id-4d3701d121ac1547004f58ab6453382e .owl-nav a.owl-prev {\n  top: 50%;\n  transform: translateY(calc(-50% + 0px));\n  left: -43px;\n}\n@media all and (-ms-high-contrast: none) {\n  .gallery-carousel-shortcode.gallery-carousel-shortcode-id-4d3701d121ac1547004f58ab6453382e .owl-nav a.owl-prev {\n    transform: translateY(-50%);\n    margin-top: 0px;\n  }\n}\n.gallery-carousel-shortcode.gallery-carousel-shortcode-id-4d3701d121ac1547004f58ab6453382e .owl-nav a.owl-prev i {\n  padding: 0px 0px 0px 0px;\n}\n.gallery-carousel-shortcode.gallery-carousel-shortcode-id-4d3701d121ac1547004f58ab6453382e .owl-nav a.owl-next {\n  top: 50%;\n  transform: translateY(calc(-50% + 0px));\n  right: -43px;\n}\n@media all and (-ms-high-contrast: none) {\n  .gallery-carousel-shortcode.gallery-carousel-shortcode-id-4d3701d121ac1547004f58ab6453382e .owl-nav a.owl-next {\n    transform: translateY(-50%);\n    margin-top: 0px;\n  }\n}\n.gallery-carousel-shortcode.gallery-carousel-shortcode-id-4d3701d121ac1547004f58ab6453382e .owl-nav a.owl-next i {\n  padding: 0px 0px 0px 0px;\n}\n.gallery-carousel-shortcode.gallery-carousel-shortcode-id-4d3701d121ac1547004f58ab6453382e .owl-nav i {\n  font-size: 18px;\n}\n.gallery-carousel-shortcode.gallery-carousel-shortcode-id-4d3701d121ac1547004f58ab6453382e .owl-nav a:not(:hover) i,\n.gallery-carousel-shortcode.gallery-carousel-shortcode-id-4d3701d121ac1547004f58ab6453382e .owl-nav a:not(:hover) i:before {\n  color: #ffffff;\n  background: none;\n}\n.gallery-carousel-shortcode.gallery-carousel-shortcode-id-4d3701d121ac1547004f58ab6453382e .owl-nav a:hover i,\n.gallery-carousel-shortcode.gallery-carousel-shortcode-id-4d3701d121ac1547004f58ab6453382e .owl-nav a:hover i:before {\n  color: rgba(255,255,255,0.75);\n  background: none;\n}\n.gallery-carousel-shortcode.gallery-carousel-shortcode-id-4d3701d121ac1547004f58ab6453382e .owl-dots {\n  top: calc(100% + 20px);\n  left: 50%;\n  transform: translateX(calc(-50% + 0px));\n}\n@media all and (-ms-high-contrast: none) {\n  .gallery-carousel-shortcode.gallery-carousel-shortcode-id-4d3701d121ac1547004f58ab6453382e .owl-dots {\n    transform: translateX(-50%);\n    margin-left: 0px;\n  }\n}\n.gallery-carousel-shortcode.gallery-carousel-shortcode-id-4d3701d121ac1547004f58ab6453382e .owl-dot {\n  width: 10px;\n  height: 10px;\n  margin: 0 8px;\n}\n@media screen and (max-width: 778px) {\n  .gallery-carousel-shortcode.gallery-carousel-shortcode-id-4d3701d121ac1547004f58ab6453382e.hide-arrows .owl-nav a {\n    display: none;\n  }\n}\n@media screen and (max-width: 778px) {\n  .gallery-carousel-shortcode.gallery-carousel-shortcode-id-4d3701d121ac1547004f58ab6453382e.reposition-arrows .owl-nav .owl-prev {\n    top: 50%;\n    transform: translateY(calc(-50% + 0px));\n    left: 10px;\n  }\n  .gallery-carousel-shortcode.gallery-carousel-shortcode-id-4d3701d121ac1547004f58ab6453382e.reposition-arrows .owl-nav .owl-next {\n    top: 50%;\n    transform: translateY(calc(-50% + 0px));\n    right: 10px;\n  }\n}\n@media screen and (max-width: 778px) and all and (-ms-high-contrast: none) {\n  .gallery-carousel-shortcode.gallery-carousel-shortcode-id-4d3701d121ac1547004f58ab6453382e.reposition-arrows .owl-nav .owl-prev {\n    transform: translateY(-50%);\n    margin-top: 0px;\n  }\n}\n@media screen and (max-width: 778px) and all and (-ms-high-contrast: none) {\n  .gallery-carousel-shortcode.gallery-carousel-shortcode-id-4d3701d121ac1547004f58ab6453382e.reposition-arrows .owl-nav .owl-next {\n    transform: translateY(-50%);\n    margin-top: 0px;\n  }\n}\n.gallery-carousel-shortcode.gallery-carousel-shortcode-id-4d3701d121ac1547004f58ab6453382e figure,\n.gallery-carousel-shortcode.gallery-carousel-shortcode-id-4d3701d121ac1547004f58ab6453382e .rollover,\n.gallery-carousel-shortcode.gallery-carousel-shortcode-id-4d3701d121ac1547004f58ab6453382e img,\n.gallery-carousel-shortcode.gallery-carousel-shortcode-id-4d3701d121ac1547004f58ab6453382e .gallery-rollover {\n  border-radius: 15px;\n}\n.gallery-carousel-shortcode.gallery-carousel-shortcode-id-4d3701d121ac1547004f58ab6453382e.enable-bg-rollover .gallery-rollover {\n  background: -webkit-linear-gradient();\n  background: linear-gradient();\n}\n.gallery-carousel-shortcode.gallery-carousel-shortcode-id-4d3701d121ac1547004f58ab6453382e.enable-img-shadow .owl-stage-outer {\n  padding: 14px 0;\n}\n.gallery-carousel-shortcode.gallery-carousel-shortcode-id-4d3701d121ac1547004f58ab6453382e.enable-bg-rollover.hover-scale figure .rollover:after {\n  background: -webkit-linear-gradient();\n  background: linear-gradient();\n}\n.gallery-carousel-shortcode.gallery-carousel-shortcode-id-4d3701d121ac1547004f58ab6453382e.gallery-shortcode .gallery-zoom-ico {\n  width: 44px;\n  height: 44px;\n  line-height: 44px;\n  border-radius: 100px;\n  margin: -22px 0 0 -22px;\n  border-width: 0px;\n}\n.dt-icon-bg-on.gallery-carousel-shortcode.gallery-carousel-shortcode-id-4d3701d121ac1547004f58ab6453382e.gallery-shortcode .gallery-zoom-ico {\n  background: rgba(255,255,255,0.3);\n  box-shadow: none;\n}\n.gallery-carousel-shortcode.gallery-carousel-shortcode-id-4d3701d121ac1547004f58ab6453382e.gallery-shortcode .gallery-zoom-ico:before,\n.gallery-carousel-shortcode.gallery-carousel-shortcode-id-4d3701d121ac1547004f58ab6453382e.gallery-shortcode .gallery-zoom-ico span {\n  font-size: 32px;\n  line-height: 44px;\n  color: #ffffff;\n  background: none;\n}\n<\/style><div class=\"owl-carousel gallery-carousel-shortcode gallery-shortcode  dt-gallery-container dt-owl-carousel-call gallery-carousel-shortcode-id-4d3701d121ac1547004f58ab6453382e meta-info-off dt-arrow-border-on dt-arrow-hover-border-on bullets-small-dot-stroke reposition-arrows dt-icon-bg-off arrows-bg-on disable-arrows-hover-bg arrows-hover-bg-on  vc_custom_1701263119761 hover-fade about-us-image-carousel\" data-scroll-mode=\"1\" data-col-num=\"1\" data-wide-col-num=\"1\" data-laptop-col=\"1\" data-h-tablet-columns-num=\"1\" data-v-tablet-columns-num=\"1\" data-phone-columns-num=\"1\" data-col-gap=\"10\" data-stage-padding=\"0\" data-speed=\"600\" data-autoplay=\"true\" data-autoplay_speed=\"6000\" data-arrows=\"false\" data-bullet=\"true\" data-next-icon=\"icon-ar-017-r\" data-prev-icon=\"icon-ar-017-l\" data-img-shadow-size=\"12px\" data-img-shadow-spread=\"3px\"><div data-post-id=\"1308\" data-date=\"2022-05-30T08:10:43+00:00\" data-name=\"img-about-home\"><figure class=\"post\"><a href=\"https:\/\/dalia.ro\/wp-content\/uploads\/2022\/05\/img-about-home.jpg\" class=\"rollover dt-pswp-item layzr-bg\" data-large_image_width=\"1600\" data-large_image_height=\"798\" data-dt-img-description=\"\" title=\"img-about-home\"><img loading=\"lazy\" decoding=\"async\" class=\"preload-me owl-lazy-load\" src=\"data:image\/svg+xml,%3Csvg%20xmlns%3D&#39;http%3A%2F%2Fwww.w3.org%2F2000%2Fsvg&#39;%20viewBox%3D&#39;0%200%201600%20798&#39;%2F%3E\" data-src=\"https:\/\/dalia.ro\/wp-content\/uploads\/2022\/05\/img-about-home.jpg\" data-srcset=\"https:\/\/dalia.ro\/wp-content\/uploads\/2022\/05\/img-about-home.jpg 1600w\" alt=\"\" width=\"1600\" height=\"798\"  \/><span class=\"gallery-rollover\"><\/span><\/a><\/figure><\/div><div data-post-id=\"4315\" data-date=\"2023-11-29T13:03:45+00:00\" data-name=\"RAY05920-square-min\"><figure class=\"post\"><a href=\"https:\/\/dalia.ro\/wp-content\/uploads\/2023\/11\/RAY05920-square-min.jpg\" class=\"rollover dt-pswp-item layzr-bg\" data-large_image_width=\"1964\" data-large_image_height=\"1964\" data-dt-img-description=\"\" title=\"RAY05920-square-min\"><img loading=\"lazy\" decoding=\"async\" class=\"preload-me owl-lazy-load\" src=\"data:image\/svg+xml,%3Csvg%20xmlns%3D&#39;http%3A%2F%2Fwww.w3.org%2F2000%2Fsvg&#39;%20viewBox%3D&#39;0%200%201964%201964&#39;%2F%3E\" data-src=\"https:\/\/dalia.ro\/wp-content\/uploads\/2023\/11\/RAY05920-square-min.jpg\" data-srcset=\"https:\/\/dalia.ro\/wp-content\/uploads\/2023\/11\/RAY05920-square-min.jpg 1964w\" alt=\"\" width=\"1964\" height=\"1964\"  \/><span class=\"gallery-rollover\"><\/span><\/a><\/figure><\/div><div data-post-id=\"4282\" data-date=\"2023-11-29T10:35:58+00:00\" data-name=\"RAY04258-min\"><figure class=\"post\"><a href=\"https:\/\/dalia.ro\/wp-content\/uploads\/2023\/11\/RAY04258-min-1.jpg\" class=\"rollover dt-pswp-item layzr-bg\" data-large_image_width=\"2000\" data-large_image_height=\"1125\" data-dt-img-description=\"\" title=\"RAY04258-min\"><img loading=\"lazy\" decoding=\"async\" class=\"preload-me owl-lazy-load\" src=\"data:image\/svg+xml,%3Csvg%20xmlns%3D&#39;http%3A%2F%2Fwww.w3.org%2F2000%2Fsvg&#39;%20viewBox%3D&#39;0%200%202000%201125&#39;%2F%3E\" data-src=\"https:\/\/dalia.ro\/wp-content\/uploads\/2023\/11\/RAY04258-min-1.jpg\" data-srcset=\"https:\/\/dalia.ro\/wp-content\/uploads\/2023\/11\/RAY04258-min-1.jpg 2000w\" alt=\"\" width=\"2000\" height=\"1125\"  \/><span class=\"gallery-rollover\"><\/span><\/a><\/figure><\/div><\/div>[\/vc_column][\/vc_row][vc_row el_class=&#8221;aboutrow-testimonial&#8221;][vc_column width=&#8221;5\/6&#8243;][vc_column_text]Pe vremea c\u00e2nd eram student la inginerie mecanic\u0103, am \u00eenceput s\u0103 gr\u0103din\u0103resc \u00een gr\u0103dina de 200 de metri p\u0103tra\u021bi a p\u0103rin\u021bilor mei. M-am c\u0103s\u0103torit, a\u0219adar aveam nevoie de bani, \u00eens\u0103 gr\u0103din\u0103ritul a devenit repede pasiunea mea. Voiam s\u0103 cultiv o varietate de plante frumoase, iar \u00een anii \u201980 aduceam tuberculii din Ungaria, ascunz\u00e2ndu-i deasupra rezervorului de combustibil. \u00centotdeauna am \u021binut pasul cu vremurile, cu tehnologia, m-am format constant, am citit, m-am documentat, am experimentat. Credeam \u00een ceea ce f\u0103ceam, credeam cu t\u0103rie c\u0103, dac\u0103 muncesc cu perseveren\u021b\u0103, rezultatele se vor vedea.<\/p>\n<p>Un bun gr\u0103dinar nu are weekenduri, nu se odihne\u0219te nici duminica: este un stil de via\u021b\u0103 care trebuie acceptat de cei care aleg acest drum. Este nevoie de perseveren\u021b\u0103, voin\u021b\u0103, munc\u0103 asidu\u0103 \u0219i, bine\u00een\u021beles, de pricepere \u0219i de ambi\u021bia de a te perfec\u021biona constant.<\/p>\n<p>Mi-am stabilit obiective \u00een fiecare zi, dar nu m-am oprit niciodat\u0103 acolo, ci am f\u0103cut mereu c\u00e2te pu\u021bin mai mult. Un moment important a fost cel \u00een care am semnat primul meu contract cu un hipermarket \u2013 atunci c\u00e2nd o companie face acest pas, nu mai e cale de \u00eentoarcere, trebuie mers tot \u00eenainte.<\/p>\n<p>Sunt m\u00e2ndru de faptul c\u0103 D\u00e1lia a devenit un centru de gr\u0103din\u0103rit de succes, \u0219i nu trebuie s\u0103-mi fac griji din cauza dimensiunii sale sau a calit\u0103\u021bii plantelor. Totu\u0219i, sunt cel mai m\u00e2ndru de fiica mea, c\u0103reia \u00eei pot preda \u0219tafeta \u0219i care \u00eemi duce mai departe munca de o via\u021b\u0103.[\/vc_column_text][vc_custom_heading text=&#8221;Rendi Ferenc&#8221; font_container=&#8221;tag:h5|text_align:left&#8221; use_theme_fonts=&#8221;yes&#8221;][\/vc_column][vc_column width=&#8221;1\/6&#8243;][\/vc_column][\/vc_row][vc_row el_class=&#8221;aboutrow-testimonial&#8221;][vc_column width=&#8221;1\/6&#8243;][\/vc_column][vc_column width=&#8221;5\/6&#8243;][vc_column_text]Una dintre amintirile mele importante este c\u0103 atunci c\u00e2nd eram foarte t\u00e2n\u0103r\u0103, buchetul colorat f\u0103cut de mine a fost primul buchet cump\u0103rat la pia\u021b\u0103 \u0219i eram foarte m\u00e2ndr\u0103 de acest lucru.<\/p>\n<p>Gr\u0103din\u0103ritul a f\u0103cut parte din via\u021ba mea \u00eenc\u0103 din copil\u0103rie. Practic, am crescut \u00een meseria de gr\u0103dinar, deoarece am \u00eenv\u0103\u021bat bazele aproape pe neobservate al\u0103turi de tat\u0103l meu. Sunt foarte norocoas\u0103 c\u0103 el m-a implicat \u00eentotdeauna \u00een munc\u0103, \u00een diferitele sarcini, nu m-a trimis niciodat\u0103 deoparte, \u0219i era normal s\u0103 m\u0103 ia cu el la centrul de gr\u0103din\u0103rit sau la pia\u021b\u0103.<\/p>\n<p>\u00centotdeauna am putut s\u0103-l \u00eenso\u021besc \u0219i \u00een c\u0103l\u0103toriile mai lungi: \u00eemi amintesc \u0219i ast\u0103zi momentul \u00een care am dus marf\u0103 la retailerii din Bra\u0219ov, iar eu am c\u0103l\u0103torit pe un sc\u0103unel din lemn \u00een Dacia noastr\u0103, printre flori.<\/p>\n<p>Mai t\u00e2rziu, I-am \u00eenso\u021bit \u00een c\u0103l\u0103toriile sale \u00een str\u0103in\u0103tate, vizit\u00e2nd parteneri \u00een Ungaria \u0219i expozi\u021bii \u00een Germania. Astfel, dup\u0103 terminarea liceului, era aproape de la sine \u00een\u021beles s\u0103 studiez horticultura \u0219i produc\u021bia de plante ornamentale la Budapesta.<\/p>\n<p>Dup\u0103 aceea, mi-am extins cuno\u0219tin\u021bele \u00een cadrul unui program de masterat, cu specializarea \u00een protec\u021bia plantelor. Am petrecut un an la Helsinki<br \/>\npentru a-mi continua educa\u021bia; perspectivele mele fiind modelate foarte mult \u00een timpul petrecut \u00een Finlanda.<\/p>\n<p>Lucrez \u00een cadrul companiei din 2015. \u00cemi place foarte mult munca mea, la centrul de gr\u0103din\u0103rit lucr\u0103m \u00eempreun\u0103 pentru a face casele \u0219i cur\u021bile<br \/>\nclien\u021bilor no\u0219tri mai estetice cu ajutorul unor flori frumoase. Apela\u021bi cu \u00eencredere la speciali\u0219tii no\u0219tri de la centrul de gr\u0103din\u0103rit D\u00e1lia![\/vc_column_text][vc_custom_heading text=&#8221;Rendi Am\u00e1lia&#8221; font_container=&#8221;tag:h5|text_align:left&#8221; use_theme_fonts=&#8221;yes&#8221; el_class=&#8221;underline&#8221;][\/vc_column][\/vc_row][vc_row full_width=&#8221;stretch_row_content_no_spaces&#8221; el_class=&#8221;homebgsection leftbg&#8221;][vc_column][\/vc_column][\/vc_row][\/vc_section]<\/p>\n","protected":false},"excerpt":{"rendered":"<p>[vc_section full_width=&#8221;stretch_row&#8221; el_class=&#8221;home-about-row&#8221;][vc_row equal_height=&#8221;yes&#8221; content_placement=&#8221;middle&#8221;][vc_column][vc_custom_heading text=&#8221;Centrul de gr\u0103din\u0103rit D\u00e1lia&#8221; font_container=&#8221;tag:h1|text_align:left&#8221; use_theme_fonts=&#8221;yes&#8221; el_class=&#8221;underline&#8221;][vc_column_text] Centrul de gr\u0103din\u0103rit Dalia s-a n\u0103scut din dragoste pentru flori \u0219i plante. Fondatorul nostru, Ferencz Rendi, a \u00eenceput s\u0103 cultive flori \u00een anii &#8217;80 \u00een Aita Medie \u0219i apoi \u00een Valea Cri\u0219ului. Pasiunea sa s-a transformat repede \u00eentr-o afacere. V\u0103z\u00e2nd florile ca un&hellip;<\/p>\n","protected":false},"author":1,"featured_media":1953,"parent":0,"menu_order":0,"comment_status":"closed","ping_status":"closed","template":"","meta":{"footnotes":""},"class_list":["post-1321","page","type-page","status-publish","has-post-thumbnail","hentry","description-off"],"acf":[],"yoast_head":"<!-- This site is optimized with the Yoast SEO plugin v19.10 - https:\/\/yoast.com\/wordpress\/plugins\/seo\/ -->\n<title>Centrul de gr\u0103din\u0103rit D\u00e1lia - D\u00e1lia<\/title>\n<meta name=\"robots\" content=\"index, follow, max-snippet:-1, max-image-preview:large, max-video-preview:-1\" \/>\n<link rel=\"canonical\" href=\"https:\/\/dalia.ro\/dalia-kerteszet\/\" \/>\n<meta property=\"og:locale\" content=\"ro_RO\" \/>\n<meta property=\"og:type\" content=\"article\" \/>\n<meta property=\"og:title\" content=\"Centrul de gr\u0103din\u0103rit D\u00e1lia - D\u00e1lia\" \/>\n<meta property=\"og:description\" content=\"[vc_section full_width=&#8221;stretch_row&#8221; el_class=&#8221;home-about-row&#8221;][vc_row equal_height=&#8221;yes&#8221; content_placement=&#8221;middle&#8221;][vc_column][vc_custom_heading text=&#8221;Centrul de gr\u0103din\u0103rit D\u00e1lia&#8221; font_container=&#8221;tag:h1|text_align:left&#8221; use_theme_fonts=&#8221;yes&#8221; el_class=&#8221;underline&#8221;][vc_column_text] Centrul de gr\u0103din\u0103rit Dalia s-a n\u0103scut din dragoste pentru flori \u0219i plante. Fondatorul nostru, Ferencz Rendi, a \u00eenceput s\u0103 cultive flori \u00een anii &#8217;80 \u00een Aita Medie \u0219i apoi \u00een Valea Cri\u0219ului. Pasiunea sa s-a transformat repede \u00eentr-o afacere. V\u0103z\u00e2nd florile ca un&hellip;\" \/>\n<meta property=\"og:url\" content=\"https:\/\/dalia.ro\/dalia-kerteszet\/\" \/>\n<meta property=\"og:site_name\" content=\"D\u00e1lia\" \/>\n<meta property=\"article:publisher\" content=\"https:\/\/www.facebook.com\/daliaprod\" \/>\n<meta property=\"article:modified_time\" content=\"2023-11-29T13:07:12+00:00\" \/>\n<meta property=\"og:image\" content=\"https:\/\/dalia.ro\/wp-content\/uploads\/2022\/06\/video-prew.jpg\" \/>\n\t<meta property=\"og:image:width\" content=\"1920\" \/>\n\t<meta property=\"og:image:height\" content=\"1080\" \/>\n\t<meta property=\"og:image:type\" content=\"image\/jpeg\" \/>\n<meta name=\"twitter:card\" content=\"summary_large_image\" \/>\n<meta name=\"twitter:label1\" content=\"Timp estimat pentru citire\" \/>\n\t<meta name=\"twitter:data1\" content=\"5 minute\" \/>\n<script type=\"application\/ld+json\" class=\"yoast-schema-graph\">{\"@context\":\"https:\/\/schema.org\",\"@graph\":[{\"@type\":\"WebPage\",\"@id\":\"https:\/\/dalia.ro\/dalia-kerteszet\/\",\"url\":\"https:\/\/dalia.ro\/dalia-kerteszet\/\",\"name\":\"Centrul de gr\u0103din\u0103rit D\u00e1lia - D\u00e1lia\",\"isPartOf\":{\"@id\":\"https:\/\/dalia.ro\/#website\"},\"datePublished\":\"2022-05-30T08:54:38+00:00\",\"dateModified\":\"2023-11-29T13:07:12+00:00\",\"breadcrumb\":{\"@id\":\"https:\/\/dalia.ro\/dalia-kerteszet\/#breadcrumb\"},\"inLanguage\":\"ro-RO\",\"potentialAction\":[{\"@type\":\"ReadAction\",\"target\":[\"https:\/\/dalia.ro\/dalia-kerteszet\/\"]}]},{\"@type\":\"BreadcrumbList\",\"@id\":\"https:\/\/dalia.ro\/dalia-kerteszet\/#breadcrumb\",\"itemListElement\":[{\"@type\":\"ListItem\",\"position\":1,\"name\":\"Home\",\"item\":\"https:\/\/dalia.ro\/ro\/\"},{\"@type\":\"ListItem\",\"position\":2,\"name\":\"Centrul de gr\u0103din\u0103rit D\u00e1lia\"}]},{\"@type\":\"WebSite\",\"@id\":\"https:\/\/dalia.ro\/#website\",\"url\":\"https:\/\/dalia.ro\/\",\"name\":\"D\u00e1lia\",\"description\":\"Flori pentru suflet\",\"publisher\":{\"@id\":\"https:\/\/dalia.ro\/#organization\"},\"potentialAction\":[{\"@type\":\"SearchAction\",\"target\":{\"@type\":\"EntryPoint\",\"urlTemplate\":\"https:\/\/dalia.ro\/?s={search_term_string}\"},\"query-input\":\"required name=search_term_string\"}],\"inLanguage\":\"ro-RO\"},{\"@type\":\"Organization\",\"@id\":\"https:\/\/dalia.ro\/#organization\",\"name\":\"D\u00e1lia\",\"url\":\"https:\/\/dalia.ro\/\",\"logo\":{\"@type\":\"ImageObject\",\"inLanguage\":\"ro-RO\",\"@id\":\"https:\/\/dalia.ro\/#\/schema\/logo\/image\/\",\"url\":\"https:\/\/dalia.ro\/wp-content\/uploads\/2022\/04\/dalia-logo-160.png\",\"contentUrl\":\"https:\/\/dalia.ro\/wp-content\/uploads\/2022\/04\/dalia-logo-160.png\",\"width\":191,\"height\":160,\"caption\":\"D\u00e1lia\"},\"image\":{\"@id\":\"https:\/\/dalia.ro\/#\/schema\/logo\/image\/\"},\"sameAs\":[\"https:\/\/www.instagram.com\/dalia_dreamgarden\",\"https:\/\/www.facebook.com\/daliaprod\"]}]}<\/script>\n<!-- \/ Yoast SEO plugin. -->","yoast_head_json":{"title":"Centrul de gr\u0103din\u0103rit D\u00e1lia - D\u00e1lia","robots":{"index":"index","follow":"follow","max-snippet":"max-snippet:-1","max-image-preview":"max-image-preview:large","max-video-preview":"max-video-preview:-1"},"canonical":"https:\/\/dalia.ro\/dalia-kerteszet\/","og_locale":"ro_RO","og_type":"article","og_title":"Centrul de gr\u0103din\u0103rit D\u00e1lia - D\u00e1lia","og_description":"[vc_section full_width=&#8221;stretch_row&#8221; el_class=&#8221;home-about-row&#8221;][vc_row equal_height=&#8221;yes&#8221; content_placement=&#8221;middle&#8221;][vc_column][vc_custom_heading text=&#8221;Centrul de gr\u0103din\u0103rit D\u00e1lia&#8221; font_container=&#8221;tag:h1|text_align:left&#8221; use_theme_fonts=&#8221;yes&#8221; el_class=&#8221;underline&#8221;][vc_column_text] Centrul de gr\u0103din\u0103rit Dalia s-a n\u0103scut din dragoste pentru flori \u0219i plante. Fondatorul nostru, Ferencz Rendi, a \u00eenceput s\u0103 cultive flori \u00een anii &#8217;80 \u00een Aita Medie \u0219i apoi \u00een Valea Cri\u0219ului. Pasiunea sa s-a transformat repede \u00eentr-o afacere. V\u0103z\u00e2nd florile ca un&hellip;","og_url":"https:\/\/dalia.ro\/dalia-kerteszet\/","og_site_name":"D\u00e1lia","article_publisher":"https:\/\/www.facebook.com\/daliaprod","article_modified_time":"2023-11-29T13:07:12+00:00","og_image":[{"width":1920,"height":1080,"url":"https:\/\/dalia.ro\/wp-content\/uploads\/2022\/06\/video-prew.jpg","type":"image\/jpeg"}],"twitter_card":"summary_large_image","twitter_misc":{"Timp estimat pentru citire":"5 minute"},"schema":{"@context":"https:\/\/schema.org","@graph":[{"@type":"WebPage","@id":"https:\/\/dalia.ro\/dalia-kerteszet\/","url":"https:\/\/dalia.ro\/dalia-kerteszet\/","name":"Centrul de gr\u0103din\u0103rit D\u00e1lia - D\u00e1lia","isPartOf":{"@id":"https:\/\/dalia.ro\/#website"},"datePublished":"2022-05-30T08:54:38+00:00","dateModified":"2023-11-29T13:07:12+00:00","breadcrumb":{"@id":"https:\/\/dalia.ro\/dalia-kerteszet\/#breadcrumb"},"inLanguage":"ro-RO","potentialAction":[{"@type":"ReadAction","target":["https:\/\/dalia.ro\/dalia-kerteszet\/"]}]},{"@type":"BreadcrumbList","@id":"https:\/\/dalia.ro\/dalia-kerteszet\/#breadcrumb","itemListElement":[{"@type":"ListItem","position":1,"name":"Home","item":"https:\/\/dalia.ro\/ro\/"},{"@type":"ListItem","position":2,"name":"Centrul de gr\u0103din\u0103rit D\u00e1lia"}]},{"@type":"WebSite","@id":"https:\/\/dalia.ro\/#website","url":"https:\/\/dalia.ro\/","name":"D\u00e1lia","description":"Flori pentru suflet","publisher":{"@id":"https:\/\/dalia.ro\/#organization"},"potentialAction":[{"@type":"SearchAction","target":{"@type":"EntryPoint","urlTemplate":"https:\/\/dalia.ro\/?s={search_term_string}"},"query-input":"required name=search_term_string"}],"inLanguage":"ro-RO"},{"@type":"Organization","@id":"https:\/\/dalia.ro\/#organization","name":"D\u00e1lia","url":"https:\/\/dalia.ro\/","logo":{"@type":"ImageObject","inLanguage":"ro-RO","@id":"https:\/\/dalia.ro\/#\/schema\/logo\/image\/","url":"https:\/\/dalia.ro\/wp-content\/uploads\/2022\/04\/dalia-logo-160.png","contentUrl":"https:\/\/dalia.ro\/wp-content\/uploads\/2022\/04\/dalia-logo-160.png","width":191,"height":160,"caption":"D\u00e1lia"},"image":{"@id":"https:\/\/dalia.ro\/#\/schema\/logo\/image\/"},"sameAs":["https:\/\/www.instagram.com\/dalia_dreamgarden","https:\/\/www.facebook.com\/daliaprod"]}]}},"_links":{"self":[{"href":"https:\/\/dalia.ro\/ro\/wp-json\/wp\/v2\/pages\/1321","targetHints":{"allow":["GET"]}}],"collection":[{"href":"https:\/\/dalia.ro\/ro\/wp-json\/wp\/v2\/pages"}],"about":[{"href":"https:\/\/dalia.ro\/ro\/wp-json\/wp\/v2\/types\/page"}],"author":[{"embeddable":true,"href":"https:\/\/dalia.ro\/ro\/wp-json\/wp\/v2\/users\/1"}],"replies":[{"embeddable":true,"href":"https:\/\/dalia.ro\/ro\/wp-json\/wp\/v2\/comments?post=1321"}],"version-history":[{"count":19,"href":"https:\/\/dalia.ro\/ro\/wp-json\/wp\/v2\/pages\/1321\/revisions"}],"predecessor-version":[{"id":4319,"href":"https:\/\/dalia.ro\/ro\/wp-json\/wp\/v2\/pages\/1321\/revisions\/4319"}],"wp:featuredmedia":[{"embeddable":true,"href":"https:\/\/dalia.ro\/ro\/wp-json\/wp\/v2\/media\/1953"}],"wp:attachment":[{"href":"https:\/\/dalia.ro\/ro\/wp-json\/wp\/v2\/media?parent=1321"}],"curies":[{"name":"wp","href":"https:\/\/api.w.org\/{rel}","templated":true}]}}