{"id":1318,"date":"2022-04-07T13:23:11","date_gmt":"2022-04-07T13:23:11","guid":{"rendered":"https:\/\/dalia.creative-solutions.ro\/fooldal-hu\/"},"modified":"2026-01-26T11:18:37","modified_gmt":"2026-01-26T11:18:37","slug":"fooldal-hu","status":"publish","type":"page","link":"https:\/\/dalia.ro\/ro\/","title":{"rendered":"!F\u0151oldal-RO"},"content":{"rendered":"<p>[vc_row full_width=&#8221;stretch_row_content_no_spaces&#8221; el_class=&#8221;home-slider&#8221;][vc_column]<style type=\"text\/css\" data-type=\"the7_shortcodes-inline-css\">.carousel-shortcode.carousel-shortcode-id-c660a2c2479b90333f0ea22731e572a9 .owl-nav a {\n  width: 36px;\n  height: 36px;\n  border-radius: 500px;\n}\n.dt-arrow-border-on.carousel-shortcode.carousel-shortcode-id-c660a2c2479b90333f0ea22731e572a9 .owl-nav a:not(:hover):before {\n  border-width: 0px;\n}\n.dt-arrow-hover-border-on.carousel-shortcode.carousel-shortcode-id-c660a2c2479b90333f0ea22731e572a9 .owl-nav a:hover:after {\n  border-width: 0px;\n}\n.carousel-shortcode.carousel-shortcode-id-c660a2c2479b90333f0ea22731e572a9 .owl-nav a.owl-prev {\n  top: 50%;\n  transform: translateY(calc(-50% + 0px));\n  left: 30px;\n}\n@media all and (-ms-high-contrast: none) {\n  .carousel-shortcode.carousel-shortcode-id-c660a2c2479b90333f0ea22731e572a9 .owl-nav a.owl-prev {\n    transform: translateY(-50%);\n    margin-top: 0px;\n  }\n}\n.carousel-shortcode.carousel-shortcode-id-c660a2c2479b90333f0ea22731e572a9 .owl-nav a.owl-prev i {\n  padding: 0px 0px 0px 0px;\n}\n.carousel-shortcode.carousel-shortcode-id-c660a2c2479b90333f0ea22731e572a9 .owl-nav a.owl-next {\n  top: 50%;\n  transform: translateY(calc(-50% + 0px));\n  right: 30px;\n}\n@media all and (-ms-high-contrast: none) {\n  .carousel-shortcode.carousel-shortcode-id-c660a2c2479b90333f0ea22731e572a9 .owl-nav a.owl-next {\n    transform: translateY(-50%);\n    margin-top: 0px;\n  }\n}\n.carousel-shortcode.carousel-shortcode-id-c660a2c2479b90333f0ea22731e572a9 .owl-nav a.owl-next i {\n  padding: 0px 0px 0px 0px;\n}\n.carousel-shortcode.carousel-shortcode-id-c660a2c2479b90333f0ea22731e572a9 .owl-nav i {\n  font-size: 18px;\n}\n.carousel-shortcode.carousel-shortcode-id-c660a2c2479b90333f0ea22731e572a9 .owl-nav a:not(:hover) i,\n.carousel-shortcode.carousel-shortcode-id-c660a2c2479b90333f0ea22731e572a9 .owl-nav a:not(:hover) i:before {\n  color: #ffffff;\n  background: none;\n}\n.carousel-shortcode.carousel-shortcode-id-c660a2c2479b90333f0ea22731e572a9 .owl-nav a:hover i,\n.carousel-shortcode.carousel-shortcode-id-c660a2c2479b90333f0ea22731e572a9 .owl-nav a:hover i:before {\n  color: rgba(255,255,255,0.75);\n  background: none;\n}\n.carousel-shortcode.carousel-shortcode-id-c660a2c2479b90333f0ea22731e572a9 .owl-dots {\n  top: calc(100% + 20px);\n  left: 50%;\n  transform: translateX(calc(-50% + 0px));\n}\n@media all and (-ms-high-contrast: none) {\n  .carousel-shortcode.carousel-shortcode-id-c660a2c2479b90333f0ea22731e572a9 .owl-dots {\n    transform: translateX(-50%);\n    margin-left: 0px;\n  }\n}\n.carousel-shortcode.carousel-shortcode-id-c660a2c2479b90333f0ea22731e572a9 .owl-dot {\n  width: 10px;\n  height: 10px;\n  margin: 0 8px;\n}\n@media screen and (max-width: 778px) {\n  .carousel-shortcode.carousel-shortcode-id-c660a2c2479b90333f0ea22731e572a9.hide-arrows .owl-nav a {\n    display: none;\n  }\n}\n@media screen and (max-width: 778px) {\n  .carousel-shortcode.carousel-shortcode-id-c660a2c2479b90333f0ea22731e572a9.reposition-arrows .owl-nav .owl-prev {\n    top: 50%;\n    transform: translateY(calc(-50% + 0px));\n    left: 10px;\n  }\n  .carousel-shortcode.carousel-shortcode-id-c660a2c2479b90333f0ea22731e572a9.reposition-arrows .owl-nav .owl-next {\n    top: 50%;\n    transform: translateY(calc(-50% + 0px));\n    right: 10px;\n  }\n}\n@media screen and (max-width: 778px) and all and (-ms-high-contrast: none) {\n  .carousel-shortcode.carousel-shortcode-id-c660a2c2479b90333f0ea22731e572a9.reposition-arrows .owl-nav .owl-prev {\n    transform: translateY(-50%);\n    margin-top: 0px;\n  }\n}\n@media screen and (max-width: 778px) and all and (-ms-high-contrast: none) {\n  .carousel-shortcode.carousel-shortcode-id-c660a2c2479b90333f0ea22731e572a9.reposition-arrows .owl-nav .owl-next {\n    transform: translateY(-50%);\n    margin-top: 0px;\n  }\n}\n<\/style><div class=\"owl-carousel carousel-shortcode dt-owl-carousel-call carousel-shortcode-id-c660a2c2479b90333f0ea22731e572a9 bullets-small-dot-stroke reposition-arrows arrows-bg-off dt-arrow-border-on disable-arrows-hover-bg arrows-hover-bg-off  home-top-slider\" data-scroll-mode=\"1\" data-col-num=\"1\" data-wide-col-num=\"1\" data-laptop-col=\"1\" data-h-tablet-columns-num=\"1\" data-v-tablet-columns-num=\"1\" data-phone-columns-num=\"1\" data-auto-height=\"false\" data-col-gap=\"30\" data-stage-padding=\"0\" data-speed=\"600\" data-autoplay=\"true\" data-autoplay_speed=\"6000\" data-arrows=\"true\" data-bullet=\"false\" data-next-icon=\"icon-ar-017-r\" data-prev-icon=\"icon-ar-017-l\">[vc_row_inner][vc_column_inner][vc_single_image image=&#8221;3288&#8243; img_size=&#8221;full&#8221; alignment=&#8221;center&#8221; onclick=&#8221;custom_link&#8221; link=&#8221;https:\/\/dalia.ro\/ro\/dalia-30\/&#8221;][\/vc_column_inner][\/vc_row_inner][vc_row_inner][vc_column_inner][vc_single_image image=&#8221;2794&#8243; img_size=&#8221;full&#8221; alignment=&#8221;center&#8221;][vc_custom_heading text=&#8221;Flori pentru suflet&#8221; font_container=&#8221;tag:div|text_align:center&#8221; use_theme_fonts=&#8221;yes&#8221;][\/vc_column_inner][\/vc_row_inner][vc_row_inner disable_element=&#8221;yes&#8221;][vc_column_inner][vc_single_image image=&#8221;2794&#8243; img_size=&#8221;full&#8221; alignment=&#8221;center&#8221;][vc_custom_heading text=&#8221;Flori pentru suflet&#8221; font_container=&#8221;tag:div|text_align:center&#8221; use_theme_fonts=&#8221;yes&#8221; link=&#8221;url:https%3A%2F%2Fdalia.ro%2Fro%2Fminuni-inmugurite%2F|title:Minuni%20%C3%AEnmugurite&#8221;][\/vc_column_inner][\/vc_row_inner]<\/div>[\/vc_column][\/vc_row][vc_row full_width=&#8221;stretch_row&#8221; gap=&#8221;35&#8243; equal_height=&#8221;yes&#8221; content_placement=&#8221;top&#8221; el_class=&#8221;home-about-row&#8221;][vc_column el_class=&#8221;col-top-img&#8221;][vc_single_image image=&#8221;1567&#8243; img_size=&#8221;full&#8221; alignment=&#8221;right&#8221; style=&#8221;vc_box_rounded&#8221; css_animation=&#8221;none&#8221; lazy_loading=&#8221;true&#8221; el_class=&#8221;greenbox rightbox&#8221;][vc_row_inner equal_height=&#8221;yes&#8221; content_placement=&#8221;middle&#8221; gap=&#8221;35&#8243;][vc_column_inner el_class=&#8221;col-txt&#8221; width=&#8221;3\/4&#8243; offset=&#8221;vc_col-md-6&#8243;][vc_custom_heading text=&#8221;Centrul de gr\u0103din\u0103rit D\u00e1lia&#8221; use_theme_fonts=&#8221;yes&#8221; css_animation=&#8221;none&#8221; el_class=&#8221;underline&#8221;][vc_column_text css_animation=&#8221;none&#8221;]Centrul de gr\u0103din\u0103rit Dalia s-a n\u0103scut din dragoste pentru flori \u0219i plante. Fondatorul nostru, Ferencz Rendi, a \u00eenceput s\u0103 cultive flori \u00een anii &#8217;80 \u00een Aita Medie \u0219i apoi \u00een Valea Cri\u0219ului. Pasiunea sa s-a transformat repede \u00eentr-o afacere. V\u0103z\u00e2nd florile ca un accesoriu indispensabil pentru via\u021ba plin\u0103 de evenimente a oamenilor, Rendi a fondat centrul de gr\u0103din\u0103rit Dalia \u00een 1993. De atunci, Dalia se \u00eenflore\u0219te l\u00e2ng\u0103 Sf\u00e2ntu Gheorghe. \u00cen prezent, cre\u0219tem peste 3 milioane de plante anual pe 2,5 hectare de suprafe\u021be acoperite \u0219i \u00eenc\u0103lzite, \u0219i pe 5 hectare de teren deschis. Compania noastr\u0103 prosper\u0103 ast\u0103zi datorit\u0103 muncii atente a optzeci de colegi dedica\u021bi.[\/vc_column_text]<style type=\"text\/css\" data-type=\"the7_shortcodes-inline-css\">#default-btn-65f02677d4b033db8d79f52f0ed9c953.ico-right-side > i {\n  margin-right: 0px;\n  margin-left: 8px;\n}\n#default-btn-65f02677d4b033db8d79f52f0ed9c953 > i {\n  margin-right: 8px;\n}\n<\/style><div class=\"btn-align-left\"><a href=\"https:\/\/dalia.ro\/ro\/centrul-de-gradinarit-dalia\/\" class=\"default-btn-shortcode dt-btn dt-btn-m link-hover-off \" id=\"default-btn-65f02677d4b033db8d79f52f0ed9c953\" title=\"Centrul de gr\u0103din\u0103rit\"><span>Afl\u0103 mai multe despre centrul nostru de gr\u0103din\u0103rit<\/span><\/a><\/div>[\/vc_column_inner][vc_column_inner width=&#8221;1\/4&#8243; offset=&#8221;vc_col-md-6&#8243;][\/vc_column_inner][\/vc_row_inner][\/vc_column][\/vc_row][vc_row full_width=&#8221;stretch_row_content_no_spaces&#8221; el_class=&#8221;homebgsection leftbg&#8221;][vc_column][\/vc_column][\/vc_row][vc_section][vc_row][vc_column el_class=&#8221;greenboxtitleblock&#8221;][vc_custom_heading text=&#8221;Ce te a\u0219teapt\u0103 \u00een centrul nostru de gr\u0103din\u0103rit?&#8221; font_container=&#8221;tag:h2|text_align:center&#8221; use_theme_fonts=&#8221;yes&#8221; css_animation=&#8221;none&#8221;][\/vc_column][\/vc_row][vc_row el_class=&#8221;homeiconrow&#8221;][vc_column width=&#8221;1\/3&#8243;][vc_single_image image=&#8221;56&#8243; img_size=&#8221;full&#8221; alignment=&#8221;center&#8221; css_animation=&#8221;none&#8221;][vc_custom_heading text=&#8221;peste 300 de soiuri de plante&#8221; font_container=&#8221;tag:h4|text_align:center&#8221; use_theme_fonts=&#8221;yes&#8221;][\/vc_column][vc_column width=&#8221;1\/3&#8243;][vc_single_image image=&#8221;54&#8243; img_size=&#8221;full&#8221; alignment=&#8221;center&#8221; css_animation=&#8221;none&#8221;][vc_custom_heading text=&#8221;personal s\u0103ritor&#8221; font_container=&#8221;tag:h4|text_align:center&#8221; use_theme_fonts=&#8221;yes&#8221;][\/vc_column][vc_column width=&#8221;1\/3&#8243;][vc_single_image image=&#8221;55&#8243; img_size=&#8221;full&#8221; alignment=&#8221;center&#8221; css_animation=&#8221;none&#8221;][vc_custom_heading text=&#8221;\u0219i un z\u00e2mbet prietenos&#8221; font_container=&#8221;tag:h4|text_align:center&#8221; use_theme_fonts=&#8221;yes&#8221;][\/vc_column][\/vc_row][vc_row][vc_column]<style type=\"text\/css\" data-type=\"the7_shortcodes-inline-css\">#default-btn-a28e5f937a6ac4825a1473059a08bca1.ico-right-side > i {\n  margin-right: 0px;\n  margin-left: 8px;\n}\n#default-btn-a28e5f937a6ac4825a1473059a08bca1 > i {\n  margin-right: 8px;\n}\n<\/style><div class=\"btn-align-center\"><a href=\"https:\/\/dalia.ro\/ro\/oferta-noastra\/\" class=\"default-btn-shortcode dt-btn dt-btn-l link-hover-off \" id=\"default-btn-a28e5f937a6ac4825a1473059a08bca1\" title=\"Oferta noastr\u0103\"><span>Vezi sortimentul nostru<\/span><\/a><\/div>[\/vc_column][\/vc_row][\/vc_section][vc_section el_id=&#8221;kerteszLeszek&#8221;][vc_row full_width=&#8221;stretch_row_content_no_spaces&#8221; el_class=&#8221;homebgsection rightbg&#8221;][vc_column][\/vc_column][\/vc_row][vc_row][vc_column el_class=&#8221;greenboxtitleblock left&#8221;][vc_custom_heading text=&#8221;Plantele noastre recomandate&#8221; font_container=&#8221;tag:h2|text_align:center&#8221; use_theme_fonts=&#8221;yes&#8221; css_animation=&#8221;none&#8221;][\/vc_column][\/vc_row][vc_row el_class=&#8221;homebgsection leftbg&#8221;][vc_column][vc_basic_grid post_type=&#8221;product&#8221; max_items=&#8221;12&#8243; style=&#8221;pagination&#8221; items_per_page=&#8221;4&#8243; element_width=&#8221;3&#8243; gap=&#8221;20&#8243; arrows_design=&#8221;vc_arrow-icon-arrow_03_left&#8221; arrows_position=&#8221;outside&#8221; arrows_color=&#8221;green&#8221; paging_design=&#8221;none&#8221; loop=&#8221;yes&#8221; item=&#8221;4333&#8243; initial_loading_animation=&#8221;none&#8221; grid_id=&#8221;vc_gid:1769426292679-a6dce50013459c4e87f529d066cc1e5f-2&#8243; taxonomies=&#8221;82&#8243;][\/vc_column][\/vc_row][\/vc_section][vc_section][vc_row][vc_column el_class=&#8221;greenboxtitleblock&#8221;][vc_custom_heading text=&#8221;Gr\u0103dinar voi fi!&#8221; font_container=&#8221;tag:h2|text_align:center&#8221; use_theme_fonts=&#8221;yes&#8221; css_animation=&#8221;none&#8221;][\/vc_column][\/vc_row][vc_row full_width=&#8221;stretch_row&#8221; gap=&#8221;35&#8243; equal_height=&#8221;yes&#8221; content_placement=&#8221;top&#8221;][vc_column width=&#8221;1\/2&#8243; el_class=&#8221;col-left&#8221;][vc_single_image image=&#8221;910&#8243; img_size=&#8221;full&#8221; css_animation=&#8221;fadeIn&#8221; image_hovers=&#8221;false&#8221; lazy_loading=&#8221;true&#8221;][vc_column_text]Dorim s\u0103 le oferim copiilor o experien\u021b\u0103 unic\u0103 cu ajutorul programului nostru \u201eGr\u0103dinar voi fi!\u201d destinat elevilor din clasele primare. Ei vor avea ocazia s\u0103 cunoasc\u0103 aceast\u0103 meserie \u00een cea mai mare horticultur\u0103 de plante ornamentale din Rom\u00e2nia, respectiv s\u0103 urm\u0103reasc\u0103 \u0219i s\u0103 \u00eencerce plantarea \u0219i irigarea mecanic\u0103. Vom organiza un tur al centrului de gr\u0103din\u0103rit pentru grupurile de elevi, unde vor putea vedea diferitele culturi \u0219i vor putea urm\u0103ri procesul de lucru. Elevii pot vedea \u0219i experimenta etapele de dezvoltare ale unei plante, de la plantare p\u00e2n\u0103 la \u00eenflorire, dincolo de ceea ce \u00eenva\u021b\u0103 dintr-un manual.[\/vc_column_text]<style type=\"text\/css\" data-type=\"the7_shortcodes-inline-css\">#default-btn-5a8c2e2e326495cfdbc0b8bcdf80ae27.ico-right-side > i {\n  margin-right: 0px;\n  margin-left: 8px;\n}\n#default-btn-5a8c2e2e326495cfdbc0b8bcdf80ae27 > i {\n  margin-right: 8px;\n}\n<\/style><div class=\"btn-align-left\"><a href=\"https:\/\/dalia.ro\/ro\/gradinar-voi-fi\/\" class=\"default-btn-shortcode dt-btn dt-btn-m link-hover-off \" id=\"default-btn-5a8c2e2e326495cfdbc0b8bcdf80ae27\" title=\"Gr\u0103dinar voi fi\"><span>Afl\u0103 mai multe despre program<\/span><\/a><\/div>[\/vc_column][vc_column width=&#8221;1\/2&#8243; el_class=&#8221;col-right&#8221;][vc_single_image image=&#8221;911&#8243; img_size=&#8221;full&#8221; alignment=&#8221;right&#8221; style=&#8221;vc_box_rounded&#8221; css_animation=&#8221;none&#8221; lazy_loading=&#8221;true&#8221; el_class=&#8221;greenbox rightbox&#8221;][\/vc_column][\/vc_row][\/vc_section][vc_section disable_element=&#8221;yes&#8221;][vc_row full_width=&#8221;stretch_row_content_no_spaces&#8221; el_class=&#8221;homebgsection rightbg&#8221;][vc_column][\/vc_column][\/vc_row][vc_row][vc_column el_class=&#8221;greenboxtitleblock left&#8221;][vc_custom_heading text=&#8221;D\u00e1lia tud\u00e1st\u00e1r&#8221; font_container=&#8221;tag:h2|text_align:center&#8221; use_theme_fonts=&#8221;yes&#8221; css_animation=&#8221;fadeInLeft&#8221;][\/vc_column][\/vc_row][vc_row][vc_column width=&#8221;1\/3&#8243;][vc_single_image image=&#8221;70&#8243; img_size=&#8221;full&#8221;][vc_custom_heading text=&#8221;Lorem ipsum dolor&#8221; font_container=&#8221;tag:h4|text_align:left&#8221; use_theme_fonts=&#8221;yes&#8221;][vc_column_text]I am text block. Click edit button to change this text. Lorem ipsum dolor sit amet, consectetur adipiscing elit. Ut elit tellus, luctus nec ullamcorper mattis, pulvinar dapibus leo.[\/vc_column_text]<style type=\"text\/css\" data-type=\"the7_shortcodes-inline-css\">#default-btn-67f7267aa738d2109b627d0ee618ac49.ico-right-side > i {\n  margin-right: 0px;\n  margin-left: 8px;\n}\n#default-btn-67f7267aa738d2109b627d0ee618ac49 > i {\n  margin-right: 8px;\n}\n<\/style><a href=\"#\" class=\"default-btn-shortcode dt-btn dt-btn-s link-hover-off btn-inline-left \" id=\"default-btn-67f7267aa738d2109b627d0ee618ac49\"><span>B\u0151vebben<\/span><\/a>[\/vc_column][vc_column width=&#8221;1\/3&#8243;][vc_single_image image=&#8221;71&#8243; img_size=&#8221;full&#8221;][vc_custom_heading text=&#8221;Duis aute in reprehenderit&#8221; font_container=&#8221;tag:h4|text_align:left&#8221; use_theme_fonts=&#8221;yes&#8221;][vc_column_text]I am text block. Click edit button to change this text. Lorem ipsum dolor sit amet, consectetur adipiscing elit. Ut elit tellus, luctus nec ullamcorper mattis, pulvinar dapibus leo.[\/vc_column_text]<style type=\"text\/css\" data-type=\"the7_shortcodes-inline-css\">#default-btn-67f7267aa738d2109b627d0ee618ac49.ico-right-side > i {\n  margin-right: 0px;\n  margin-left: 8px;\n}\n#default-btn-67f7267aa738d2109b627d0ee618ac49 > i {\n  margin-right: 8px;\n}\n<\/style><a href=\"#\" class=\"default-btn-shortcode dt-btn dt-btn-s link-hover-off btn-inline-left \" id=\"default-btn-67f7267aa738d2109b627d0ee618ac49\"><span>B\u0151vebben<\/span><\/a>[\/vc_column][vc_column width=&#8221;1\/3&#8243;][vc_single_image image=&#8221;69&#8243; img_size=&#8221;full&#8221;][vc_custom_heading text=&#8221;Excepteur sint occaecat cupidatat&#8221; font_container=&#8221;tag:h4|text_align:left&#8221; use_theme_fonts=&#8221;yes&#8221;][vc_column_text]I am text block. Click edit button to change this text. Lorem ipsum dolor sit amet, consectetur adipiscing elit. Ut elit tellus, luctus nec ullamcorper mattis, pulvinar dapibus leo.[\/vc_column_text]<style type=\"text\/css\" data-type=\"the7_shortcodes-inline-css\">#default-btn-67f7267aa738d2109b627d0ee618ac49.ico-right-side > i {\n  margin-right: 0px;\n  margin-left: 8px;\n}\n#default-btn-67f7267aa738d2109b627d0ee618ac49 > i {\n  margin-right: 8px;\n}\n<\/style><a href=\"#\" class=\"default-btn-shortcode dt-btn dt-btn-s link-hover-off btn-inline-left \" id=\"default-btn-67f7267aa738d2109b627d0ee618ac49\"><span>B\u0151vebben<\/span><\/a>[\/vc_column][\/vc_row][vc_row full_width=&#8221;stretch_row_content_no_spaces&#8221; el_class=&#8221;homebgsection leftbg&#8221;][vc_column][\/vc_column][\/vc_row][\/vc_section]<\/p>\n","protected":false},"excerpt":{"rendered":"<p>[vc_row full_width=&#8221;stretch_row_content_no_spaces&#8221; el_class=&#8221;home-slider&#8221;][vc_column][\/vc_column][\/vc_row][vc_row full_width=&#8221;stretch_row&#8221; gap=&#8221;35&#8243; equal_height=&#8221;yes&#8221; content_placement=&#8221;top&#8221; el_class=&#8221;home-about-row&#8221;][vc_column el_class=&#8221;col-top-img&#8221;][vc_single_image image=&#8221;1567&#8243; img_size=&#8221;full&#8221; alignment=&#8221;right&#8221; style=&#8221;vc_box_rounded&#8221; css_animation=&#8221;none&#8221; lazy_loading=&#8221;true&#8221; el_class=&#8221;greenbox rightbox&#8221;][vc_row_inner equal_height=&#8221;yes&#8221; content_placement=&#8221;middle&#8221; gap=&#8221;35&#8243;][vc_column_inner el_class=&#8221;col-txt&#8221; width=&#8221;3\/4&#8243; offset=&#8221;vc_col-md-6&#8243;][vc_custom_heading text=&#8221;Centrul de gr\u0103din\u0103rit D\u00e1lia&#8221; use_theme_fonts=&#8221;yes&#8221; css_animation=&#8221;none&#8221; el_class=&#8221;underline&#8221;][vc_column_text css_animation=&#8221;none&#8221;]Centrul de gr\u0103din\u0103rit Dalia s-a n\u0103scut din dragoste pentru flori \u0219i plante. Fondatorul nostru, Ferencz Rendi, a \u00eenceput s\u0103 cultive flori \u00een anii &#8217;80 \u00een&hellip;<\/p>\n","protected":false},"author":1,"featured_media":0,"parent":0,"menu_order":0,"comment_status":"closed","ping_status":"closed","template":"","meta":{"footnotes":""},"class_list":["post-1318","page","type-page","status-publish","hentry","description-off"],"acf":[],"yoast_head":"<!-- This site is optimized with the Yoast SEO plugin v19.10 - https:\/\/yoast.com\/wordpress\/plugins\/seo\/ -->\n<title>D\u00e1lia - Flori pentru suflet<\/title>\n<meta name=\"description\" content=\"Producem \u0219i comercializ\u0103m flori \u0219i plante ornamentale, en-gros \u0219i en-detail.\" \/>\n<meta name=\"robots\" content=\"index, follow, max-snippet:-1, max-image-preview:large, max-video-preview:-1\" \/>\n<link rel=\"canonical\" href=\"https:\/\/dalia.ro\/ro\/\" \/>\n<meta property=\"og:locale\" content=\"ro_RO\" \/>\n<meta property=\"og:type\" content=\"article\" \/>\n<meta property=\"og:title\" content=\"Dalia - Floare pentru suflet\" \/>\n<meta property=\"og:description\" content=\"Producem \u0219i comercializ\u0103m flori \u0219i plante ornamentale, en-gros \u0219i en-detail.\" \/>\n<meta property=\"og:url\" content=\"https:\/\/dalia.ro\/ro\/\" \/>\n<meta property=\"og:site_name\" content=\"D\u00e1lia\" \/>\n<meta property=\"article:publisher\" content=\"https:\/\/www.facebook.com\/daliaprod\" \/>\n<meta property=\"article:modified_time\" content=\"2026-01-26T11:18:37+00:00\" \/>\n<meta property=\"og:image\" content=\"https:\/\/dalia.ro\/wp-content\/uploads\/2022\/11\/social-prew-1.jpg\" \/>\n\t<meta property=\"og:image:width\" content=\"1000\" \/>\n\t<meta property=\"og:image:height\" content=\"667\" \/>\n\t<meta property=\"og:image:type\" content=\"image\/jpeg\" \/>\n<meta name=\"twitter:card\" content=\"summary_large_image\" \/>\n<meta name=\"twitter:label1\" content=\"Timp estimat pentru citire\" \/>\n\t<meta name=\"twitter:data1\" content=\"3 minute\" \/>\n<script type=\"application\/ld+json\" class=\"yoast-schema-graph\">{\"@context\":\"https:\/\/schema.org\",\"@graph\":[{\"@type\":\"WebPage\",\"@id\":\"https:\/\/dalia.ro\/ro\/\",\"url\":\"https:\/\/dalia.ro\/ro\/\",\"name\":\"D\u00e1lia - Flori pentru suflet\",\"isPartOf\":{\"@id\":\"https:\/\/dalia.ro\/#website\"},\"datePublished\":\"2022-04-07T13:23:11+00:00\",\"dateModified\":\"2026-01-26T11:18:37+00:00\",\"description\":\"Producem \u0219i comercializ\u0103m flori \u0219i plante ornamentale, en-gros \u0219i en-detail.\",\"breadcrumb\":{\"@id\":\"https:\/\/dalia.ro\/ro\/#breadcrumb\"},\"inLanguage\":\"ro-RO\",\"potentialAction\":[{\"@type\":\"ReadAction\",\"target\":[\"https:\/\/dalia.ro\/ro\/\"]}]},{\"@type\":\"BreadcrumbList\",\"@id\":\"https:\/\/dalia.ro\/ro\/#breadcrumb\",\"itemListElement\":[{\"@type\":\"ListItem\",\"position\":1,\"name\":\"Home\",\"item\":\"https:\/\/dalia.ro\/ro\/\"},{\"@type\":\"ListItem\",\"position\":2,\"name\":\"!F\u0151oldal-RO\"}]},{\"@type\":\"WebSite\",\"@id\":\"https:\/\/dalia.ro\/#website\",\"url\":\"https:\/\/dalia.ro\/\",\"name\":\"D\u00e1lia\",\"description\":\"Flori pentru suflet\",\"publisher\":{\"@id\":\"https:\/\/dalia.ro\/#organization\"},\"potentialAction\":[{\"@type\":\"SearchAction\",\"target\":{\"@type\":\"EntryPoint\",\"urlTemplate\":\"https:\/\/dalia.ro\/?s={search_term_string}\"},\"query-input\":\"required name=search_term_string\"}],\"inLanguage\":\"ro-RO\"},{\"@type\":\"Organization\",\"@id\":\"https:\/\/dalia.ro\/#organization\",\"name\":\"D\u00e1lia\",\"url\":\"https:\/\/dalia.ro\/\",\"logo\":{\"@type\":\"ImageObject\",\"inLanguage\":\"ro-RO\",\"@id\":\"https:\/\/dalia.ro\/#\/schema\/logo\/image\/\",\"url\":\"https:\/\/dalia.ro\/wp-content\/uploads\/2022\/04\/dalia-logo-160.png\",\"contentUrl\":\"https:\/\/dalia.ro\/wp-content\/uploads\/2022\/04\/dalia-logo-160.png\",\"width\":191,\"height\":160,\"caption\":\"D\u00e1lia\"},\"image\":{\"@id\":\"https:\/\/dalia.ro\/#\/schema\/logo\/image\/\"},\"sameAs\":[\"https:\/\/www.instagram.com\/dalia_dreamgarden\",\"https:\/\/www.facebook.com\/daliaprod\"]}]}<\/script>\n<!-- \/ Yoast SEO plugin. -->","yoast_head_json":{"title":"D\u00e1lia - Flori pentru suflet","description":"Producem \u0219i comercializ\u0103m flori \u0219i plante ornamentale, en-gros \u0219i en-detail.","robots":{"index":"index","follow":"follow","max-snippet":"max-snippet:-1","max-image-preview":"max-image-preview:large","max-video-preview":"max-video-preview:-1"},"canonical":"https:\/\/dalia.ro\/ro\/","og_locale":"ro_RO","og_type":"article","og_title":"Dalia - Floare pentru suflet","og_description":"Producem \u0219i comercializ\u0103m flori \u0219i plante ornamentale, en-gros \u0219i en-detail.","og_url":"https:\/\/dalia.ro\/ro\/","og_site_name":"D\u00e1lia","article_publisher":"https:\/\/www.facebook.com\/daliaprod","article_modified_time":"2026-01-26T11:18:37+00:00","og_image":[{"width":1000,"height":667,"url":"https:\/\/dalia.ro\/wp-content\/uploads\/2022\/11\/social-prew-1.jpg","type":"image\/jpeg"}],"twitter_card":"summary_large_image","twitter_misc":{"Timp estimat pentru citire":"3 minute"},"schema":{"@context":"https:\/\/schema.org","@graph":[{"@type":"WebPage","@id":"https:\/\/dalia.ro\/ro\/","url":"https:\/\/dalia.ro\/ro\/","name":"D\u00e1lia - Flori pentru suflet","isPartOf":{"@id":"https:\/\/dalia.ro\/#website"},"datePublished":"2022-04-07T13:23:11+00:00","dateModified":"2026-01-26T11:18:37+00:00","description":"Producem \u0219i comercializ\u0103m flori \u0219i plante ornamentale, en-gros \u0219i en-detail.","breadcrumb":{"@id":"https:\/\/dalia.ro\/ro\/#breadcrumb"},"inLanguage":"ro-RO","potentialAction":[{"@type":"ReadAction","target":["https:\/\/dalia.ro\/ro\/"]}]},{"@type":"BreadcrumbList","@id":"https:\/\/dalia.ro\/ro\/#breadcrumb","itemListElement":[{"@type":"ListItem","position":1,"name":"Home","item":"https:\/\/dalia.ro\/ro\/"},{"@type":"ListItem","position":2,"name":"!F\u0151oldal-RO"}]},{"@type":"WebSite","@id":"https:\/\/dalia.ro\/#website","url":"https:\/\/dalia.ro\/","name":"D\u00e1lia","description":"Flori pentru suflet","publisher":{"@id":"https:\/\/dalia.ro\/#organization"},"potentialAction":[{"@type":"SearchAction","target":{"@type":"EntryPoint","urlTemplate":"https:\/\/dalia.ro\/?s={search_term_string}"},"query-input":"required name=search_term_string"}],"inLanguage":"ro-RO"},{"@type":"Organization","@id":"https:\/\/dalia.ro\/#organization","name":"D\u00e1lia","url":"https:\/\/dalia.ro\/","logo":{"@type":"ImageObject","inLanguage":"ro-RO","@id":"https:\/\/dalia.ro\/#\/schema\/logo\/image\/","url":"https:\/\/dalia.ro\/wp-content\/uploads\/2022\/04\/dalia-logo-160.png","contentUrl":"https:\/\/dalia.ro\/wp-content\/uploads\/2022\/04\/dalia-logo-160.png","width":191,"height":160,"caption":"D\u00e1lia"},"image":{"@id":"https:\/\/dalia.ro\/#\/schema\/logo\/image\/"},"sameAs":["https:\/\/www.instagram.com\/dalia_dreamgarden","https:\/\/www.facebook.com\/daliaprod"]}]}},"_links":{"self":[{"href":"https:\/\/dalia.ro\/ro\/wp-json\/wp\/v2\/pages\/1318","targetHints":{"allow":["GET"]}}],"collection":[{"href":"https:\/\/dalia.ro\/ro\/wp-json\/wp\/v2\/pages"}],"about":[{"href":"https:\/\/dalia.ro\/ro\/wp-json\/wp\/v2\/types\/page"}],"author":[{"embeddable":true,"href":"https:\/\/dalia.ro\/ro\/wp-json\/wp\/v2\/users\/1"}],"replies":[{"embeddable":true,"href":"https:\/\/dalia.ro\/ro\/wp-json\/wp\/v2\/comments?post=1318"}],"version-history":[{"count":48,"href":"https:\/\/dalia.ro\/ro\/wp-json\/wp\/v2\/pages\/1318\/revisions"}],"predecessor-version":[{"id":6216,"href":"https:\/\/dalia.ro\/ro\/wp-json\/wp\/v2\/pages\/1318\/revisions\/6216"}],"wp:attachment":[{"href":"https:\/\/dalia.ro\/ro\/wp-json\/wp\/v2\/media?parent=1318"}],"curies":[{"name":"wp","href":"https:\/\/api.w.org\/{rel}","templated":true}]}}